{"id":4947,"date":"2026-05-06T00:37:40","date_gmt":"2026-05-06T00:37:40","guid":{"rendered":"http:\/\/toquemonos.com\/index.php\/product\/walden-anillos\/"},"modified":"2026-05-06T00:37:40","modified_gmt":"2026-05-06T00:37:40","slug":"walden-anillos","status":"publish","type":"product","link":"https:\/\/toquemonos.com\/index.php\/product\/walden-anillos\/","title":{"rendered":"Walden &#8211; Anillos"},"content":{"rendered":"<p><strong>Precio Sugerido: S\/ 30.00<\/strong><\/p>\n<p>Anillo para pene y test\u00edculos dise\u00f1ado para mejorar la firmeza y prolongar el rendimiento.<\/p>\n<ul>\n<li>Material: Silicona<\/li>\n<li>Largo: 4 cm<\/li>\n<li>Ancho: 8.5 cm<\/li>\n<li>Color: Negro<\/li>\n<li>Funciones: Dise\u00f1o el\u00e1stico, ajuste c\u00f3modo, ayuda a mantener la erecci\u00f3n, mejora la intensidad del orgasmo<\/li>\n<\/ul>\n","protected":false},"excerpt":{"rendered":"<p>Precio Sugerido: S\/ 30.00 Anillo para pene y test\u00edculos dise\u00f1ado para mejorar la firmeza y prolongar el rendimiento. Material: Silicona Largo: 4 cm Ancho: 8.5 cm Color: Negro Funciones: Dise\u00f1o el\u00e1stico, ajuste c\u00f3modo, ayuda a mantener la erecci\u00f3n, mejora la intensidad del orgasmo<\/p>\n","protected":false},"featured_media":4951,"comment_status":"open","ping_status":"closed","template":"","meta":[],"product_brand":[],"product_cat":[207],"product_tag":[],"class_list":{"0":"post-4947","1":"product","2":"type-product","3":"status-publish","4":"has-post-thumbnail","6":"product_cat-anillos","8":"first","9":"instock","10":"shipping-taxable","11":"purchasable","12":"product-type-simple"},"_links":{"self":[{"href":"https:\/\/toquemonos.com\/index.php\/wp-json\/wp\/v2\/product\/4947","targetHints":{"allow":["GET"]}}],"collection":[{"href":"https:\/\/toquemonos.com\/index.php\/wp-json\/wp\/v2\/product"}],"about":[{"href":"https:\/\/toquemonos.com\/index.php\/wp-json\/wp\/v2\/types\/product"}],"replies":[{"embeddable":true,"href":"https:\/\/toquemonos.com\/index.php\/wp-json\/wp\/v2\/comments?post=4947"}],"wp:featuredmedia":[{"embeddable":true,"href":"https:\/\/toquemonos.com\/index.php\/wp-json\/wp\/v2\/media\/4951"}],"wp:attachment":[{"href":"https:\/\/toquemonos.com\/index.php\/wp-json\/wp\/v2\/media?parent=4947"}],"wp:term":[{"taxonomy":"product_brand","embeddable":true,"href":"https:\/\/toquemonos.com\/index.php\/wp-json\/wp\/v2\/product_brand?post=4947"},{"taxonomy":"product_cat","embeddable":true,"href":"https:\/\/toquemonos.com\/index.php\/wp-json\/wp\/v2\/product_cat?post=4947"},{"taxonomy":"product_tag","embeddable":true,"href":"https:\/\/toquemonos.com\/index.php\/wp-json\/wp\/v2\/product_tag?post=4947"}],"curies":[{"name":"wp","href":"https:\/\/api.w.org\/{rel}","templated":true}]}}