{"id":4946,"date":"2026-05-06T00:37:40","date_gmt":"2026-05-06T00:37:40","guid":{"rendered":"http:\/\/toquemonos.com\/index.php\/product\/skylar-stavros-the-great-vibrador-rabbit\/"},"modified":"2026-05-06T00:37:40","modified_gmt":"2026-05-06T00:37:40","slug":"skylar-stavros-the-great-vibrador-rabbit","status":"publish","type":"product","link":"https:\/\/toquemonos.com\/index.php\/product\/skylar-stavros-the-great-vibrador-rabbit\/","title":{"rendered":"SKYLAR STAVROS THE GREAT &#8211; Vibrador rabbit"},"content":{"rendered":"<p><strong>Precio Sugerido: S\/ 350.00<\/strong><\/p>\n<p>Vibrador tipo rabbit multifunci\u00f3n con empuje y vibraci\u00f3n para una estimulaci\u00f3n intensa y completa.<\/p>\n<ul>\n<li>Material: Silicona<\/li>\n<li>Largo: 19 cm<\/li>\n<li>Ancho: 3.3 cm<\/li>\n<li>Color: Rosa<\/li>\n<li>Funciones: 10 modos de empuje, 10 modos de vibraci\u00f3n, 9 velocidades, recargable por USB<\/li>\n<\/ul>\n","protected":false},"excerpt":{"rendered":"<p>Precio Sugerido: S\/ 350.00 Vibrador tipo rabbit multifunci\u00f3n con empuje y vibraci\u00f3n para una estimulaci\u00f3n intensa y completa. Material: Silicona Largo: 19 cm Ancho: 3.3 cm Color: Rosa Funciones: 10 modos de empuje, 10 modos de vibraci\u00f3n, 9 velocidades, recargable por USB<\/p>\n","protected":false},"featured_media":4950,"comment_status":"open","ping_status":"closed","template":"","meta":[],"product_brand":[],"product_cat":[210,186],"product_tag":[],"class_list":{"0":"post-4946","1":"product","2":"type-product","3":"status-publish","4":"has-post-thumbnail","6":"product_cat-vibrador-rabbit","7":"product_cat-vibradores","9":"first","10":"instock","11":"shipping-taxable","12":"purchasable","13":"product-type-simple"},"_links":{"self":[{"href":"https:\/\/toquemonos.com\/index.php\/wp-json\/wp\/v2\/product\/4946","targetHints":{"allow":["GET"]}}],"collection":[{"href":"https:\/\/toquemonos.com\/index.php\/wp-json\/wp\/v2\/product"}],"about":[{"href":"https:\/\/toquemonos.com\/index.php\/wp-json\/wp\/v2\/types\/product"}],"replies":[{"embeddable":true,"href":"https:\/\/toquemonos.com\/index.php\/wp-json\/wp\/v2\/comments?post=4946"}],"wp:featuredmedia":[{"embeddable":true,"href":"https:\/\/toquemonos.com\/index.php\/wp-json\/wp\/v2\/media\/4950"}],"wp:attachment":[{"href":"https:\/\/toquemonos.com\/index.php\/wp-json\/wp\/v2\/media?parent=4946"}],"wp:term":[{"taxonomy":"product_brand","embeddable":true,"href":"https:\/\/toquemonos.com\/index.php\/wp-json\/wp\/v2\/product_brand?post=4946"},{"taxonomy":"product_cat","embeddable":true,"href":"https:\/\/toquemonos.com\/index.php\/wp-json\/wp\/v2\/product_cat?post=4946"},{"taxonomy":"product_tag","embeddable":true,"href":"https:\/\/toquemonos.com\/index.php\/wp-json\/wp\/v2\/product_tag?post=4946"}],"curies":[{"name":"wp","href":"https:\/\/api.w.org\/{rel}","templated":true}]}}