{"id":4945,"date":"2026-05-06T00:37:40","date_gmt":"2026-05-06T00:37:40","guid":{"rendered":"http:\/\/toquemonos.com\/index.php\/product\/masturbator-sienna-masturbadores\/"},"modified":"2026-05-06T00:37:40","modified_gmt":"2026-05-06T00:37:40","slug":"masturbator-sienna-masturbadores","status":"publish","type":"product","link":"https:\/\/toquemonos.com\/index.php\/product\/masturbator-sienna-masturbadores\/","title":{"rendered":"Masturbator Sienna &#8211; Masturbadores"},"content":{"rendered":"<p><strong>Precio Sugerido: S\/ 400.00<\/strong><\/p>\n<p>Masturbador masculino con vibraci\u00f3n y succi\u00f3n, dise\u00f1ado para una experiencia intensa y personalizada.<\/p>\n<ul>\n<li>Material: TPR<\/li>\n<li>Largo: 25 cm<\/li>\n<li>Ancho: 9 cm<\/li>\n<li>Color: Blanco<\/li>\n<li>Funciones: 12 modos de vibraci\u00f3n, 3 niveles de succi\u00f3n, textura interna estimulante, memoria inteligente, manga removible para f\u00e1cil limpieza<\/li>\n<\/ul>\n","protected":false},"excerpt":{"rendered":"<p>Precio Sugerido: S\/ 400.00 Masturbador masculino con vibraci\u00f3n y succi\u00f3n, dise\u00f1ado para una experiencia intensa y personalizada. Material: TPR Largo: 25 cm Ancho: 9 cm Color: Blanco Funciones: 12 modos de vibraci\u00f3n, 3 niveles de succi\u00f3n, textura interna estimulante, memoria inteligente, manga removible para f\u00e1cil limpieza<\/p>\n","protected":false},"featured_media":4949,"comment_status":"open","ping_status":"closed","template":"","meta":[],"product_brand":[],"product_cat":[201],"product_tag":[],"class_list":{"0":"post-4945","1":"product","2":"type-product","3":"status-publish","4":"has-post-thumbnail","6":"product_cat-masturbadores","8":"first","9":"instock","10":"shipping-taxable","11":"purchasable","12":"product-type-simple"},"_links":{"self":[{"href":"https:\/\/toquemonos.com\/index.php\/wp-json\/wp\/v2\/product\/4945","targetHints":{"allow":["GET"]}}],"collection":[{"href":"https:\/\/toquemonos.com\/index.php\/wp-json\/wp\/v2\/product"}],"about":[{"href":"https:\/\/toquemonos.com\/index.php\/wp-json\/wp\/v2\/types\/product"}],"replies":[{"embeddable":true,"href":"https:\/\/toquemonos.com\/index.php\/wp-json\/wp\/v2\/comments?post=4945"}],"wp:featuredmedia":[{"embeddable":true,"href":"https:\/\/toquemonos.com\/index.php\/wp-json\/wp\/v2\/media\/4949"}],"wp:attachment":[{"href":"https:\/\/toquemonos.com\/index.php\/wp-json\/wp\/v2\/media?parent=4945"}],"wp:term":[{"taxonomy":"product_brand","embeddable":true,"href":"https:\/\/toquemonos.com\/index.php\/wp-json\/wp\/v2\/product_brand?post=4945"},{"taxonomy":"product_cat","embeddable":true,"href":"https:\/\/toquemonos.com\/index.php\/wp-json\/wp\/v2\/product_cat?post=4945"},{"taxonomy":"product_tag","embeddable":true,"href":"https:\/\/toquemonos.com\/index.php\/wp-json\/wp\/v2\/product_tag?post=4945"}],"curies":[{"name":"wp","href":"https:\/\/api.w.org\/{rel}","templated":true}]}}