{"id":4943,"date":"2026-05-06T00:37:39","date_gmt":"2026-05-06T00:37:39","guid":{"rendered":"http:\/\/toquemonos.com\/index.php\/product\/lexie-vibrador-clasico\/"},"modified":"2026-05-06T00:37:39","modified_gmt":"2026-05-06T00:37:39","slug":"lexie-vibrador-clasico","status":"publish","type":"product","link":"https:\/\/toquemonos.com\/index.php\/product\/lexie-vibrador-clasico\/","title":{"rendered":"LEXIE &#8211; Vibrador cl\u00e1sico"},"content":{"rendered":"<p><strong>Precio Sugerido: S\/ 240.00<\/strong><\/p>\n<p>Vibrador de punto G con innovadora funci\u00f3n de golpeteo y doble motor para una estimulaci\u00f3n intensa y variada.<\/p>\n<ul>\n<li>Material: Silicona<\/li>\n<li>Largo: 20 cm<\/li>\n<li>Ancho: 3.1 cm<\/li>\n<li>Color: A consultar<\/li>\n<li>Funciones: 7 modos de vibraci\u00f3n, 4 modos de movimiento tipo tapping, doble motor, estimulaci\u00f3n de punto G y externa, carga magn\u00e9tica<\/li>\n<\/ul>\n","protected":false},"excerpt":{"rendered":"<p>Precio Sugerido: S\/ 240.00 Vibrador de punto G con innovadora funci\u00f3n de golpeteo y doble motor para una estimulaci\u00f3n intensa y variada. Material: Silicona Largo: 20 cm Ancho: 3.1 cm Color: A consultar Funciones: 7 modos de vibraci\u00f3n, 4 modos de movimiento tipo tapping, doble motor, estimulaci\u00f3n de punto G y externa, carga magn\u00e9tica<\/p>\n","protected":false},"featured_media":4956,"comment_status":"open","ping_status":"closed","template":"","meta":[],"product_brand":[],"product_cat":[211,186],"product_tag":[],"class_list":{"0":"post-4943","1":"product","2":"type-product","3":"status-publish","4":"has-post-thumbnail","6":"product_cat-vibrador-clasico","7":"product_cat-vibradores","9":"first","10":"instock","11":"shipping-taxable","12":"purchasable","13":"product-type-simple"},"_links":{"self":[{"href":"https:\/\/toquemonos.com\/index.php\/wp-json\/wp\/v2\/product\/4943","targetHints":{"allow":["GET"]}}],"collection":[{"href":"https:\/\/toquemonos.com\/index.php\/wp-json\/wp\/v2\/product"}],"about":[{"href":"https:\/\/toquemonos.com\/index.php\/wp-json\/wp\/v2\/types\/product"}],"replies":[{"embeddable":true,"href":"https:\/\/toquemonos.com\/index.php\/wp-json\/wp\/v2\/comments?post=4943"}],"wp:featuredmedia":[{"embeddable":true,"href":"https:\/\/toquemonos.com\/index.php\/wp-json\/wp\/v2\/media\/4956"}],"wp:attachment":[{"href":"https:\/\/toquemonos.com\/index.php\/wp-json\/wp\/v2\/media?parent=4943"}],"wp:term":[{"taxonomy":"product_brand","embeddable":true,"href":"https:\/\/toquemonos.com\/index.php\/wp-json\/wp\/v2\/product_brand?post=4943"},{"taxonomy":"product_cat","embeddable":true,"href":"https:\/\/toquemonos.com\/index.php\/wp-json\/wp\/v2\/product_cat?post=4943"},{"taxonomy":"product_tag","embeddable":true,"href":"https:\/\/toquemonos.com\/index.php\/wp-json\/wp\/v2\/product_tag?post=4943"}],"curies":[{"name":"wp","href":"https:\/\/api.w.org\/{rel}","templated":true}]}}