{"id":4930,"date":"2026-05-06T00:37:37","date_gmt":"2026-05-06T00:37:37","guid":{"rendered":"http:\/\/toquemonos.com\/index.php\/product\/romance-succionadores\/"},"modified":"2026-05-06T00:37:37","modified_gmt":"2026-05-06T00:37:37","slug":"romance-succionadores","status":"publish","type":"product","link":"https:\/\/toquemonos.com\/index.php\/product\/romance-succionadores\/","title":{"rendered":"ROMANCE &#8211; Succionadores"},"content":{"rendered":"<p><strong>Precio Sugerido: S\/ 200.00<\/strong><\/p>\n<p>Succionador de cl\u00edtoris con 12 funciones para sensaciones personalizadas, hecho de silicona m\u00e9dica y metal, silencioso y resistente al agua.<\/p>\n<ul>\n<li>Material: Silicona m\u00e9dica + Metal<\/li>\n<li>Largo: 12 cm<\/li>\n<li>Ancho: 3.3 cm<\/li>\n<li>Funciones: 12 niveles de succi\u00f3n<\/li>\n<li>Color: Rosado<\/li>\n<\/ul>\n","protected":false},"excerpt":{"rendered":"<p>Precio Sugerido: S\/ 200.00 Succionador de cl\u00edtoris con 12 funciones para sensaciones personalizadas, hecho de silicona m\u00e9dica y metal, silencioso y resistente al agua. Material: Silicona m\u00e9dica + Metal Largo: 12 cm Ancho: 3.3 cm Funciones: 12 niveles de succi\u00f3n Color: Rosado<\/p>\n","protected":false},"featured_media":4968,"comment_status":"open","ping_status":"closed","template":"","meta":[],"product_brand":[],"product_cat":[215],"product_tag":[],"class_list":{"0":"post-4930","1":"product","2":"type-product","3":"status-publish","4":"has-post-thumbnail","6":"product_cat-succionadores","8":"first","9":"instock","10":"shipping-taxable","11":"purchasable","12":"product-type-simple"},"_links":{"self":[{"href":"https:\/\/toquemonos.com\/index.php\/wp-json\/wp\/v2\/product\/4930","targetHints":{"allow":["GET"]}}],"collection":[{"href":"https:\/\/toquemonos.com\/index.php\/wp-json\/wp\/v2\/product"}],"about":[{"href":"https:\/\/toquemonos.com\/index.php\/wp-json\/wp\/v2\/types\/product"}],"replies":[{"embeddable":true,"href":"https:\/\/toquemonos.com\/index.php\/wp-json\/wp\/v2\/comments?post=4930"}],"wp:featuredmedia":[{"embeddable":true,"href":"https:\/\/toquemonos.com\/index.php\/wp-json\/wp\/v2\/media\/4968"}],"wp:attachment":[{"href":"https:\/\/toquemonos.com\/index.php\/wp-json\/wp\/v2\/media?parent=4930"}],"wp:term":[{"taxonomy":"product_brand","embeddable":true,"href":"https:\/\/toquemonos.com\/index.php\/wp-json\/wp\/v2\/product_brand?post=4930"},{"taxonomy":"product_cat","embeddable":true,"href":"https:\/\/toquemonos.com\/index.php\/wp-json\/wp\/v2\/product_cat?post=4930"},{"taxonomy":"product_tag","embeddable":true,"href":"https:\/\/toquemonos.com\/index.php\/wp-json\/wp\/v2\/product_tag?post=4930"}],"curies":[{"name":"wp","href":"https:\/\/api.w.org\/{rel}","templated":true}]}}