{"id":4928,"date":"2026-05-06T00:37:37","date_gmt":"2026-05-06T00:37:37","guid":{"rendered":"http:\/\/toquemonos.com\/index.php\/product\/romance-vibrador-rabbit\/"},"modified":"2026-05-06T00:37:37","modified_gmt":"2026-05-06T00:37:37","slug":"romance-vibrador-rabbit","status":"publish","type":"product","link":"https:\/\/toquemonos.com\/index.php\/product\/romance-vibrador-rabbit\/","title":{"rendered":"ROMANCE &#8211; Vibrador rabbit"},"content":{"rendered":"<p><strong>Precio Sugerido: S\/ 280.00<\/strong><\/p>\n<p>Vibrador tipo Rabbit con succionador de cl\u00edtoris que estimula el Punto G y el cl\u00edtoris simult\u00e1neamente.<\/p>\n<ul>\n<li>Material: Silicona + ABS<\/li>\n<li>Largo: 24 cm<\/li>\n<li>Ancho: 3.5 cm<\/li>\n<li>Funciones: 12 niveles de vibraci\u00f3n y 12 niveles de succi\u00f3n<\/li>\n<li>Color: Rosado<\/li>\n<\/ul>\n","protected":false},"excerpt":{"rendered":"<p>Precio Sugerido: S\/ 280.00 Vibrador tipo Rabbit con succionador de cl\u00edtoris que estimula el Punto G y el cl\u00edtoris simult\u00e1neamente. Material: Silicona + ABS Largo: 24 cm Ancho: 3.5 cm Funciones: 12 niveles de vibraci\u00f3n y 12 niveles de succi\u00f3n Color: Rosado<\/p>\n","protected":false},"featured_media":4966,"comment_status":"open","ping_status":"closed","template":"","meta":[],"product_brand":[],"product_cat":[210,186],"product_tag":[],"class_list":{"0":"post-4928","1":"product","2":"type-product","3":"status-publish","4":"has-post-thumbnail","6":"product_cat-vibrador-rabbit","7":"product_cat-vibradores","9":"first","10":"instock","11":"shipping-taxable","12":"purchasable","13":"product-type-simple"},"_links":{"self":[{"href":"https:\/\/toquemonos.com\/index.php\/wp-json\/wp\/v2\/product\/4928","targetHints":{"allow":["GET"]}}],"collection":[{"href":"https:\/\/toquemonos.com\/index.php\/wp-json\/wp\/v2\/product"}],"about":[{"href":"https:\/\/toquemonos.com\/index.php\/wp-json\/wp\/v2\/types\/product"}],"replies":[{"embeddable":true,"href":"https:\/\/toquemonos.com\/index.php\/wp-json\/wp\/v2\/comments?post=4928"}],"wp:featuredmedia":[{"embeddable":true,"href":"https:\/\/toquemonos.com\/index.php\/wp-json\/wp\/v2\/media\/4966"}],"wp:attachment":[{"href":"https:\/\/toquemonos.com\/index.php\/wp-json\/wp\/v2\/media?parent=4928"}],"wp:term":[{"taxonomy":"product_brand","embeddable":true,"href":"https:\/\/toquemonos.com\/index.php\/wp-json\/wp\/v2\/product_brand?post=4928"},{"taxonomy":"product_cat","embeddable":true,"href":"https:\/\/toquemonos.com\/index.php\/wp-json\/wp\/v2\/product_cat?post=4928"},{"taxonomy":"product_tag","embeddable":true,"href":"https:\/\/toquemonos.com\/index.php\/wp-json\/wp\/v2\/product_tag?post=4928"}],"curies":[{"name":"wp","href":"https:\/\/api.w.org\/{rel}","templated":true}]}}