{"id":4908,"date":"2026-05-06T00:37:34","date_gmt":"2026-05-06T00:37:34","guid":{"rendered":"http:\/\/toquemonos.com\/index.php\/product\/dejon-fucsia-vibrador-rabbit\/"},"modified":"2026-05-06T00:37:34","modified_gmt":"2026-05-06T00:37:34","slug":"dejon-fucsia-vibrador-rabbit","status":"publish","type":"product","link":"https:\/\/toquemonos.com\/index.php\/product\/dejon-fucsia-vibrador-rabbit\/","title":{"rendered":"Dejon FUCSIA &#8211; Vibrador rabbit"},"content":{"rendered":"<p><strong>Precio Sugerido: S\/ 330.00<\/strong><\/p>\n<p>Vibrador Pretty Love<\/p>\n<ul>\n<li>Tipo: Vibrador rabbit con funciones m\u00faltiples<\/li>\n<li>7 funciones de vibraci\u00f3n<\/li>\n<li>4 funciones de rotaci\u00f3n<\/li>\n<li>4 ajustes de empuje (thrusting)<\/li>\n<li>Material: silicona<\/li>\n<li>Recargable por USB con carga magn\u00e9tica<\/li>\n<li>Peso neto: 196 g<\/li>\n<\/ul>\n","protected":false},"excerpt":{"rendered":"<p>Precio Sugerido: S\/ 330.00 Vibrador Pretty Love Tipo: Vibrador rabbit con funciones m\u00faltiples 7 funciones de vibraci\u00f3n 4 funciones de rotaci\u00f3n 4 ajustes de empuje (thrusting) Material: silicona Recargable por USB con carga magn\u00e9tica Peso neto: 196 g<\/p>\n","protected":false},"featured_media":4986,"comment_status":"open","ping_status":"closed","template":"","meta":[],"product_brand":[],"product_cat":[210,186],"product_tag":[],"class_list":{"0":"post-4908","1":"product","2":"type-product","3":"status-publish","4":"has-post-thumbnail","6":"product_cat-vibrador-rabbit","7":"product_cat-vibradores","9":"first","10":"instock","11":"shipping-taxable","12":"purchasable","13":"product-type-simple"},"_links":{"self":[{"href":"https:\/\/toquemonos.com\/index.php\/wp-json\/wp\/v2\/product\/4908","targetHints":{"allow":["GET"]}}],"collection":[{"href":"https:\/\/toquemonos.com\/index.php\/wp-json\/wp\/v2\/product"}],"about":[{"href":"https:\/\/toquemonos.com\/index.php\/wp-json\/wp\/v2\/types\/product"}],"replies":[{"embeddable":true,"href":"https:\/\/toquemonos.com\/index.php\/wp-json\/wp\/v2\/comments?post=4908"}],"wp:featuredmedia":[{"embeddable":true,"href":"https:\/\/toquemonos.com\/index.php\/wp-json\/wp\/v2\/media\/4986"}],"wp:attachment":[{"href":"https:\/\/toquemonos.com\/index.php\/wp-json\/wp\/v2\/media?parent=4908"}],"wp:term":[{"taxonomy":"product_brand","embeddable":true,"href":"https:\/\/toquemonos.com\/index.php\/wp-json\/wp\/v2\/product_brand?post=4908"},{"taxonomy":"product_cat","embeddable":true,"href":"https:\/\/toquemonos.com\/index.php\/wp-json\/wp\/v2\/product_cat?post=4908"},{"taxonomy":"product_tag","embeddable":true,"href":"https:\/\/toquemonos.com\/index.php\/wp-json\/wp\/v2\/product_tag?post=4908"}],"curies":[{"name":"wp","href":"https:\/\/api.w.org\/{rel}","templated":true}]}}