{"id":4904,"date":"2026-05-06T00:37:33","date_gmt":"2026-05-06T00:37:33","guid":{"rendered":"http:\/\/toquemonos.com\/index.php\/product\/lamar-green-vibrador-rabbit\/"},"modified":"2026-05-06T00:37:33","modified_gmt":"2026-05-06T00:37:33","slug":"lamar-green-vibrador-rabbit","status":"publish","type":"product","link":"https:\/\/toquemonos.com\/index.php\/product\/lamar-green-vibrador-rabbit\/","title":{"rendered":"Lamar Green &#8211; Vibrador rabbit"},"content":{"rendered":"<p><strong>Precio Sugerido: S\/ 350.00<\/strong><\/p>\n<p>Vibrador rabbit con eje curvado ideal para la estimulaci\u00f3n del punto G y estimulador externo s\u00f3lido para una estimulaci\u00f3n precisa del cl\u00edtoris. Su forma firme intensifica las sensaciones y permite una experiencia intensa tanto en solitario como en pareja.<\/p>\n<ul>\n<li>Material: Silicona y ABS<\/li>\n<li>Largo: 22 cm<\/li>\n<li>Ancho: 4 cm<\/li>\n<li>Color: Turquesa<\/li>\n<li>Funciones: 10 modos de vibraci\u00f3n<\/li>\n<\/ul>\n","protected":false},"excerpt":{"rendered":"<p>Precio Sugerido: S\/ 350.00 Vibrador rabbit con eje curvado ideal para la estimulaci\u00f3n del punto G y estimulador externo s\u00f3lido para una estimulaci\u00f3n precisa del cl\u00edtoris. Su forma firme intensifica las sensaciones y permite una experiencia intensa tanto en solitario como en pareja. Material: Silicona y ABS Largo: 22 cm Ancho: 4 cm Color: Turquesa [&hellip;]<\/p>\n","protected":false},"featured_media":4991,"comment_status":"open","ping_status":"closed","template":"","meta":[],"product_brand":[],"product_cat":[210,186],"product_tag":[],"class_list":{"0":"post-4904","1":"product","2":"type-product","3":"status-publish","4":"has-post-thumbnail","6":"product_cat-vibrador-rabbit","7":"product_cat-vibradores","9":"first","10":"instock","11":"shipping-taxable","12":"purchasable","13":"product-type-simple"},"_links":{"self":[{"href":"https:\/\/toquemonos.com\/index.php\/wp-json\/wp\/v2\/product\/4904","targetHints":{"allow":["GET"]}}],"collection":[{"href":"https:\/\/toquemonos.com\/index.php\/wp-json\/wp\/v2\/product"}],"about":[{"href":"https:\/\/toquemonos.com\/index.php\/wp-json\/wp\/v2\/types\/product"}],"replies":[{"embeddable":true,"href":"https:\/\/toquemonos.com\/index.php\/wp-json\/wp\/v2\/comments?post=4904"}],"wp:featuredmedia":[{"embeddable":true,"href":"https:\/\/toquemonos.com\/index.php\/wp-json\/wp\/v2\/media\/4991"}],"wp:attachment":[{"href":"https:\/\/toquemonos.com\/index.php\/wp-json\/wp\/v2\/media?parent=4904"}],"wp:term":[{"taxonomy":"product_brand","embeddable":true,"href":"https:\/\/toquemonos.com\/index.php\/wp-json\/wp\/v2\/product_brand?post=4904"},{"taxonomy":"product_cat","embeddable":true,"href":"https:\/\/toquemonos.com\/index.php\/wp-json\/wp\/v2\/product_cat?post=4904"},{"taxonomy":"product_tag","embeddable":true,"href":"https:\/\/toquemonos.com\/index.php\/wp-json\/wp\/v2\/product_tag?post=4904"}],"curies":[{"name":"wp","href":"https:\/\/api.w.org\/{rel}","templated":true}]}}