{"id":4901,"date":"2026-05-06T00:37:33","date_gmt":"2026-05-06T00:37:33","guid":{"rendered":"http:\/\/toquemonos.com\/index.php\/product\/kyle-vibrador-rabbit\/"},"modified":"2026-05-06T00:37:33","modified_gmt":"2026-05-06T00:37:33","slug":"kyle-vibrador-rabbit","status":"publish","type":"product","link":"https:\/\/toquemonos.com\/index.php\/product\/kyle-vibrador-rabbit\/","title":{"rendered":"KYLE &#8211; Vibrador rabbit"},"content":{"rendered":"<p><strong>Precio Sugerido: S\/ 150.00<\/strong><\/p>\n<p>Vibrador tipo rabbit de tacto sedoso y dise\u00f1o lujoso, con estimulador de cl\u00edtoris en forma de orejas y eje redondeado para una estimulaci\u00f3n intensa y placentera.<\/p>\n<ul>\n<li>Material: Silicona suave al tacto<\/li>\n<li>Largo: 15.1 cm<\/li>\n<li>Ancho: 3.5 cm<\/li>\n<li>Color: Rosa<\/li>\n<li>Funciones: 30 funciones de vibraci\u00f3n y pulsaci\u00f3n<\/li>\n<\/ul>\n","protected":false},"excerpt":{"rendered":"<p>Precio Sugerido: S\/ 150.00 Vibrador tipo rabbit de tacto sedoso y dise\u00f1o lujoso, con estimulador de cl\u00edtoris en forma de orejas y eje redondeado para una estimulaci\u00f3n intensa y placentera. Material: Silicona suave al tacto Largo: 15.1 cm Ancho: 3.5 cm Color: Rosa Funciones: 30 funciones de vibraci\u00f3n y pulsaci\u00f3n<\/p>\n","protected":false},"featured_media":4994,"comment_status":"open","ping_status":"closed","template":"","meta":[],"product_brand":[],"product_cat":[210,186],"product_tag":[],"class_list":{"0":"post-4901","1":"product","2":"type-product","3":"status-publish","4":"has-post-thumbnail","6":"product_cat-vibrador-rabbit","7":"product_cat-vibradores","9":"first","10":"instock","11":"shipping-taxable","12":"purchasable","13":"product-type-simple"},"_links":{"self":[{"href":"https:\/\/toquemonos.com\/index.php\/wp-json\/wp\/v2\/product\/4901","targetHints":{"allow":["GET"]}}],"collection":[{"href":"https:\/\/toquemonos.com\/index.php\/wp-json\/wp\/v2\/product"}],"about":[{"href":"https:\/\/toquemonos.com\/index.php\/wp-json\/wp\/v2\/types\/product"}],"replies":[{"embeddable":true,"href":"https:\/\/toquemonos.com\/index.php\/wp-json\/wp\/v2\/comments?post=4901"}],"wp:featuredmedia":[{"embeddable":true,"href":"https:\/\/toquemonos.com\/index.php\/wp-json\/wp\/v2\/media\/4994"}],"wp:attachment":[{"href":"https:\/\/toquemonos.com\/index.php\/wp-json\/wp\/v2\/media?parent=4901"}],"wp:term":[{"taxonomy":"product_brand","embeddable":true,"href":"https:\/\/toquemonos.com\/index.php\/wp-json\/wp\/v2\/product_brand?post=4901"},{"taxonomy":"product_cat","embeddable":true,"href":"https:\/\/toquemonos.com\/index.php\/wp-json\/wp\/v2\/product_cat?post=4901"},{"taxonomy":"product_tag","embeddable":true,"href":"https:\/\/toquemonos.com\/index.php\/wp-json\/wp\/v2\/product_tag?post=4901"}],"curies":[{"name":"wp","href":"https:\/\/api.w.org\/{rel}","templated":true}]}}