{"id":4890,"date":"2026-05-06T00:37:31","date_gmt":"2026-05-06T00:37:31","guid":{"rendered":"http:\/\/toquemonos.com\/index.php\/product\/super-powerful-thrusting-vibrador-retractil\/"},"modified":"2026-05-06T00:37:31","modified_gmt":"2026-05-06T00:37:31","slug":"super-powerful-thrusting-vibrador-retractil","status":"publish","type":"product","link":"https:\/\/toquemonos.com\/index.php\/product\/super-powerful-thrusting-vibrador-retractil\/","title":{"rendered":"SUPER POWERFUL THRUSTING &#8211; Vibrador retractil"},"content":{"rendered":"<p><strong>Precio Sugerido: S\/ 350.00<\/strong><\/p>\n<p>Massage gun Pretty Love de alta potencia con funci\u00f3n de empuje, dise\u00f1ada para una estimulaci\u00f3n intensa y liberaci\u00f3n profunda del estr\u00e9s.<\/p>\n<ul>\n<li>Material: Silicona y ABS<\/li>\n<li>Largo: 13.2 cm<\/li>\n<li>Ancho: 12.1 cm<\/li>\n<li>Color: Negro<\/li>\n<li>Funciones: 5 niveles de empuje, vibraci\u00f3n potente, cabezal de silicona intercambiable<\/li>\n<\/ul>\n","protected":false},"excerpt":{"rendered":"<p>Precio Sugerido: S\/ 350.00 Massage gun Pretty Love de alta potencia con funci\u00f3n de empuje, dise\u00f1ada para una estimulaci\u00f3n intensa y liberaci\u00f3n profunda del estr\u00e9s. Material: Silicona y ABS Largo: 13.2 cm Ancho: 12.1 cm Color: Negro Funciones: 5 niveles de empuje, vibraci\u00f3n potente, cabezal de silicona intercambiable<\/p>\n","protected":false},"featured_media":5006,"comment_status":"open","ping_status":"closed","template":"","meta":[],"product_brand":[],"product_cat":[217,186],"product_tag":[],"class_list":{"0":"post-4890","1":"product","2":"type-product","3":"status-publish","4":"has-post-thumbnail","6":"product_cat-vibrador-retractil","7":"product_cat-vibradores","9":"first","10":"instock","11":"shipping-taxable","12":"purchasable","13":"product-type-simple"},"_links":{"self":[{"href":"https:\/\/toquemonos.com\/index.php\/wp-json\/wp\/v2\/product\/4890","targetHints":{"allow":["GET"]}}],"collection":[{"href":"https:\/\/toquemonos.com\/index.php\/wp-json\/wp\/v2\/product"}],"about":[{"href":"https:\/\/toquemonos.com\/index.php\/wp-json\/wp\/v2\/types\/product"}],"replies":[{"embeddable":true,"href":"https:\/\/toquemonos.com\/index.php\/wp-json\/wp\/v2\/comments?post=4890"}],"wp:featuredmedia":[{"embeddable":true,"href":"https:\/\/toquemonos.com\/index.php\/wp-json\/wp\/v2\/media\/5006"}],"wp:attachment":[{"href":"https:\/\/toquemonos.com\/index.php\/wp-json\/wp\/v2\/media?parent=4890"}],"wp:term":[{"taxonomy":"product_brand","embeddable":true,"href":"https:\/\/toquemonos.com\/index.php\/wp-json\/wp\/v2\/product_brand?post=4890"},{"taxonomy":"product_cat","embeddable":true,"href":"https:\/\/toquemonos.com\/index.php\/wp-json\/wp\/v2\/product_cat?post=4890"},{"taxonomy":"product_tag","embeddable":true,"href":"https:\/\/toquemonos.com\/index.php\/wp-json\/wp\/v2\/product_tag?post=4890"}],"curies":[{"name":"wp","href":"https:\/\/api.w.org\/{rel}","templated":true}]}}