{"id":4886,"date":"2026-05-06T00:37:30","date_gmt":"2026-05-06T00:37:30","guid":{"rendered":"http:\/\/toquemonos.com\/index.php\/product\/wand-vibrador-de-clitoris\/"},"modified":"2026-05-06T00:37:30","modified_gmt":"2026-05-06T00:37:30","slug":"wand-vibrador-de-clitoris","status":"publish","type":"product","link":"https:\/\/toquemonos.com\/index.php\/product\/wand-vibrador-de-clitoris\/","title":{"rendered":"WAND &#8211; Vibrador de cl\u00edtoris"},"content":{"rendered":"<p><strong>Precio Sugerido: S\/ 170.00<\/strong><\/p>\n<p>Varita masajeadora recargable con vibraci\u00f3n ajustable y cabezal flexible, incluye accesorio tipo rabbit para estimulaci\u00f3n adicional.<\/p>\n<ul>\n<li>Material: Silicona y ABS<\/li>\n<li>Largo: 25.2 cm<\/li>\n<li>Ancho: 4.3 cm<\/li>\n<li>Color: Negro<\/li>\n<li>Funciones: Vibraci\u00f3n, masaje corporal, accesorio rabbit<\/li>\n<\/ul>\n","protected":false},"excerpt":{"rendered":"<p>Precio Sugerido: S\/ 170.00 Varita masajeadora recargable con vibraci\u00f3n ajustable y cabezal flexible, incluye accesorio tipo rabbit para estimulaci\u00f3n adicional. Material: Silicona y ABS Largo: 25.2 cm Ancho: 4.3 cm Color: Negro Funciones: Vibraci\u00f3n, masaje corporal, accesorio rabbit<\/p>\n","protected":false},"featured_media":5012,"comment_status":"open","ping_status":"closed","template":"","meta":[],"product_brand":[],"product_cat":[199,186],"product_tag":[],"class_list":{"0":"post-4886","1":"product","2":"type-product","3":"status-publish","4":"has-post-thumbnail","6":"product_cat-vibrador-de-clitoris","7":"product_cat-vibradores","9":"first","10":"instock","11":"shipping-taxable","12":"purchasable","13":"product-type-simple"},"_links":{"self":[{"href":"https:\/\/toquemonos.com\/index.php\/wp-json\/wp\/v2\/product\/4886","targetHints":{"allow":["GET"]}}],"collection":[{"href":"https:\/\/toquemonos.com\/index.php\/wp-json\/wp\/v2\/product"}],"about":[{"href":"https:\/\/toquemonos.com\/index.php\/wp-json\/wp\/v2\/types\/product"}],"replies":[{"embeddable":true,"href":"https:\/\/toquemonos.com\/index.php\/wp-json\/wp\/v2\/comments?post=4886"}],"wp:featuredmedia":[{"embeddable":true,"href":"https:\/\/toquemonos.com\/index.php\/wp-json\/wp\/v2\/media\/5012"}],"wp:attachment":[{"href":"https:\/\/toquemonos.com\/index.php\/wp-json\/wp\/v2\/media?parent=4886"}],"wp:term":[{"taxonomy":"product_brand","embeddable":true,"href":"https:\/\/toquemonos.com\/index.php\/wp-json\/wp\/v2\/product_brand?post=4886"},{"taxonomy":"product_cat","embeddable":true,"href":"https:\/\/toquemonos.com\/index.php\/wp-json\/wp\/v2\/product_cat?post=4886"},{"taxonomy":"product_tag","embeddable":true,"href":"https:\/\/toquemonos.com\/index.php\/wp-json\/wp\/v2\/product_tag?post=4886"}],"curies":[{"name":"wp","href":"https:\/\/api.w.org\/{rel}","templated":true}]}}