{"id":4884,"date":"2026-05-06T00:37:30","date_gmt":"2026-05-06T00:37:30","guid":{"rendered":"http:\/\/toquemonos.com\/index.php\/product\/the-realistic-cock-vibrador-clasico\/"},"modified":"2026-05-06T00:37:30","modified_gmt":"2026-05-06T00:37:30","slug":"the-realistic-cock-vibrador-clasico","status":"publish","type":"product","link":"https:\/\/toquemonos.com\/index.php\/product\/the-realistic-cock-vibrador-clasico\/","title":{"rendered":"THE REALISTIC COCK &#8211; Vibrador cl\u00e1sico"},"content":{"rendered":"<p><strong>Precio Sugerido: S\/ 130.00<\/strong><\/p>\n<p>Vibrador de TPR con 10 modos de vibraci\u00f3n, dise\u00f1ado para una estimulaci\u00f3n interna intensa y placentera.<\/p>\n<ul>\n<li>Material: TPR y ABS<\/li>\n<li>Largo: 21.8 cm<\/li>\n<li>Ancho: 3.8 cm<\/li>\n<li>Color: Rosado, Morado o Azul<\/li>\n<li>Funciones: 10 modos de vibraci\u00f3n<\/li>\n<\/ul>\n","protected":false},"excerpt":{"rendered":"<p>Precio Sugerido: S\/ 130.00 Vibrador de TPR con 10 modos de vibraci\u00f3n, dise\u00f1ado para una estimulaci\u00f3n interna intensa y placentera. Material: TPR y ABS Largo: 21.8 cm Ancho: 3.8 cm Color: Rosado, Morado o Azul Funciones: 10 modos de vibraci\u00f3n<\/p>\n","protected":false},"featured_media":5016,"comment_status":"open","ping_status":"closed","template":"","meta":[],"product_brand":[],"product_cat":[211,186],"product_tag":[],"class_list":{"0":"post-4884","1":"product","2":"type-product","3":"status-publish","4":"has-post-thumbnail","6":"product_cat-vibrador-clasico","7":"product_cat-vibradores","9":"first","10":"instock","11":"shipping-taxable","12":"purchasable","13":"product-type-simple"},"_links":{"self":[{"href":"https:\/\/toquemonos.com\/index.php\/wp-json\/wp\/v2\/product\/4884","targetHints":{"allow":["GET"]}}],"collection":[{"href":"https:\/\/toquemonos.com\/index.php\/wp-json\/wp\/v2\/product"}],"about":[{"href":"https:\/\/toquemonos.com\/index.php\/wp-json\/wp\/v2\/types\/product"}],"replies":[{"embeddable":true,"href":"https:\/\/toquemonos.com\/index.php\/wp-json\/wp\/v2\/comments?post=4884"}],"wp:featuredmedia":[{"embeddable":true,"href":"https:\/\/toquemonos.com\/index.php\/wp-json\/wp\/v2\/media\/5016"}],"wp:attachment":[{"href":"https:\/\/toquemonos.com\/index.php\/wp-json\/wp\/v2\/media?parent=4884"}],"wp:term":[{"taxonomy":"product_brand","embeddable":true,"href":"https:\/\/toquemonos.com\/index.php\/wp-json\/wp\/v2\/product_brand?post=4884"},{"taxonomy":"product_cat","embeddable":true,"href":"https:\/\/toquemonos.com\/index.php\/wp-json\/wp\/v2\/product_cat?post=4884"},{"taxonomy":"product_tag","embeddable":true,"href":"https:\/\/toquemonos.com\/index.php\/wp-json\/wp\/v2\/product_tag?post=4884"}],"curies":[{"name":"wp","href":"https:\/\/api.w.org\/{rel}","templated":true}]}}