{"id":4880,"date":"2026-05-06T00:37:29","date_gmt":"2026-05-06T00:37:29","guid":{"rendered":"http:\/\/toquemonos.com\/index.php\/product\/caludio-ii-bdsm\/"},"modified":"2026-05-06T00:37:29","modified_gmt":"2026-05-06T00:37:29","slug":"caludio-ii-bdsm","status":"publish","type":"product","link":"https:\/\/toquemonos.com\/index.php\/product\/caludio-ii-bdsm\/","title":{"rendered":"CALUDIO II &#8211; BDSM"},"content":{"rendered":"<p><strong>Precio Sugerido: S\/ 100.00<\/strong><\/p>\n<p>Arn\u00e9s universal tipo briefs, c\u00f3modo y ajustable, ideal para principiantes y expertos, se puede usar discretamente bajo la ropa.<\/p>\n<ul>\n<li>Material: Tela el\u00e1stica y ABS<\/li>\n<li>Talla: 23\u201349 pulgadas<\/li>\n<li>Ancho: 9 cm<\/li>\n<li>Color: Negro<\/li>\n<li>Funciones: Arn\u00e9s universal, ajuste c\u00f3modo, compatible con dildos y vibradores<\/li>\n<\/ul>\n","protected":false},"excerpt":{"rendered":"<p>Precio Sugerido: S\/ 100.00 Arn\u00e9s universal tipo briefs, c\u00f3modo y ajustable, ideal para principiantes y expertos, se puede usar discretamente bajo la ropa. Material: Tela el\u00e1stica y ABS Talla: 23\u201349 pulgadas Ancho: 9 cm Color: Negro Funciones: Arn\u00e9s universal, ajuste c\u00f3modo, compatible con dildos y vibradores<\/p>\n","protected":false},"featured_media":5023,"comment_status":"open","ping_status":"closed","template":"","meta":[],"product_brand":[],"product_cat":[193,230],"product_tag":[],"class_list":{"0":"post-4880","1":"product","2":"type-product","3":"status-publish","4":"has-post-thumbnail","6":"product_cat-bdsm","7":"product_cat-juegos-y-bdsm","9":"first","10":"instock","11":"shipping-taxable","12":"purchasable","13":"product-type-simple"},"_links":{"self":[{"href":"https:\/\/toquemonos.com\/index.php\/wp-json\/wp\/v2\/product\/4880","targetHints":{"allow":["GET"]}}],"collection":[{"href":"https:\/\/toquemonos.com\/index.php\/wp-json\/wp\/v2\/product"}],"about":[{"href":"https:\/\/toquemonos.com\/index.php\/wp-json\/wp\/v2\/types\/product"}],"replies":[{"embeddable":true,"href":"https:\/\/toquemonos.com\/index.php\/wp-json\/wp\/v2\/comments?post=4880"}],"wp:featuredmedia":[{"embeddable":true,"href":"https:\/\/toquemonos.com\/index.php\/wp-json\/wp\/v2\/media\/5023"}],"wp:attachment":[{"href":"https:\/\/toquemonos.com\/index.php\/wp-json\/wp\/v2\/media?parent=4880"}],"wp:term":[{"taxonomy":"product_brand","embeddable":true,"href":"https:\/\/toquemonos.com\/index.php\/wp-json\/wp\/v2\/product_brand?post=4880"},{"taxonomy":"product_cat","embeddable":true,"href":"https:\/\/toquemonos.com\/index.php\/wp-json\/wp\/v2\/product_cat?post=4880"},{"taxonomy":"product_tag","embeddable":true,"href":"https:\/\/toquemonos.com\/index.php\/wp-json\/wp\/v2\/product_tag?post=4880"}],"curies":[{"name":"wp","href":"https:\/\/api.w.org\/{rel}","templated":true}]}}