{"id":4875,"date":"2026-05-06T00:37:29","date_gmt":"2026-05-06T00:37:29","guid":{"rendered":"http:\/\/toquemonos.com\/index.php\/product\/harness-briefs-stark-protesis-con-arnes\/"},"modified":"2026-05-06T00:37:29","modified_gmt":"2026-05-06T00:37:29","slug":"harness-briefs-stark-protesis-con-arnes","status":"publish","type":"product","link":"https:\/\/toquemonos.com\/index.php\/product\/harness-briefs-stark-protesis-con-arnes\/","title":{"rendered":"HARNESS BRIEFS STARK &#8211; Pr\u00f3tesis con arnes"},"content":{"rendered":"<p><strong>Precio Sugerido: S\/ 150.00<\/strong><\/p>\n<p>Strap-on con dildo hueco y eje venoso, glande de TPR suave y arn\u00e9s ajustable, con control remoto para vibraci\u00f3n multivelocidad.<\/p>\n<ul>\n<li>Material: TPR y ABS<\/li>\n<li>Largo: 17.5 cm<\/li>\n<li>Ancho: 4.3 cm<\/li>\n<li>Color: Trigue\u00f1o<\/li>\n<li>Funciones: Vibraci\u00f3n, strap-on, arn\u00e9s ajustable, dildo hueco<\/li>\n<\/ul>\n","protected":false},"excerpt":{"rendered":"<p>Precio Sugerido: S\/ 150.00 Strap-on con dildo hueco y eje venoso, glande de TPR suave y arn\u00e9s ajustable, con control remoto para vibraci\u00f3n multivelocidad. Material: TPR y ABS Largo: 17.5 cm Ancho: 4.3 cm Color: Trigue\u00f1o Funciones: Vibraci\u00f3n, strap-on, arn\u00e9s ajustable, dildo hueco<\/p>\n","protected":false},"featured_media":5018,"comment_status":"open","ping_status":"closed","template":"","meta":[],"product_brand":[],"product_cat":[231,221],"product_tag":[],"class_list":{"0":"post-4875","1":"product","2":"type-product","3":"status-publish","4":"has-post-thumbnail","6":"product_cat-fundas-y-protesis","7":"product_cat-protesis-con-arnes","9":"first","10":"instock","11":"shipping-taxable","12":"purchasable","13":"product-type-simple"},"_links":{"self":[{"href":"https:\/\/toquemonos.com\/index.php\/wp-json\/wp\/v2\/product\/4875","targetHints":{"allow":["GET"]}}],"collection":[{"href":"https:\/\/toquemonos.com\/index.php\/wp-json\/wp\/v2\/product"}],"about":[{"href":"https:\/\/toquemonos.com\/index.php\/wp-json\/wp\/v2\/types\/product"}],"replies":[{"embeddable":true,"href":"https:\/\/toquemonos.com\/index.php\/wp-json\/wp\/v2\/comments?post=4875"}],"wp:featuredmedia":[{"embeddable":true,"href":"https:\/\/toquemonos.com\/index.php\/wp-json\/wp\/v2\/media\/5018"}],"wp:attachment":[{"href":"https:\/\/toquemonos.com\/index.php\/wp-json\/wp\/v2\/media?parent=4875"}],"wp:term":[{"taxonomy":"product_brand","embeddable":true,"href":"https:\/\/toquemonos.com\/index.php\/wp-json\/wp\/v2\/product_brand?post=4875"},{"taxonomy":"product_cat","embeddable":true,"href":"https:\/\/toquemonos.com\/index.php\/wp-json\/wp\/v2\/product_cat?post=4875"},{"taxonomy":"product_tag","embeddable":true,"href":"https:\/\/toquemonos.com\/index.php\/wp-json\/wp\/v2\/product_tag?post=4875"}],"curies":[{"name":"wp","href":"https:\/\/api.w.org\/{rel}","templated":true}]}}