{"id":4874,"date":"2026-05-06T00:37:29","date_gmt":"2026-05-06T00:37:29","guid":{"rendered":"http:\/\/toquemonos.com\/index.php\/product\/clitoral-massager-heartbeat-vibrador-de-clitoris\/"},"modified":"2026-05-06T00:37:29","modified_gmt":"2026-05-06T00:37:29","slug":"clitoral-massager-heartbeat-vibrador-de-clitoris","status":"publish","type":"product","link":"https:\/\/toquemonos.com\/index.php\/product\/clitoral-massager-heartbeat-vibrador-de-clitoris\/","title":{"rendered":"Clitoral Massager Heartbeat &#8211; Vibrador de cl\u00edtoris"},"content":{"rendered":"<p><strong>Precio Sugerido: S\/ 100.00<\/strong><\/p>\n<p>Vibrador Pretty Love con 10 modos de vibraci\u00f3n, dise\u00f1ado para estimular el cl\u00edtoris con m\u00e1xima intensidad.<\/p>\n<ul>\n<li>Material: Silicona y ABS<\/li>\n<li>Largo: 7.2 cm<\/li>\n<li>Ancho: 7.2 cm<\/li>\n<li>Color: Rosa<\/li>\n<li>Funciones: 10 modos de vibraci\u00f3n, estimulaci\u00f3n clitorial<\/li>\n<\/ul>\n","protected":false},"excerpt":{"rendered":"<p>Precio Sugerido: S\/ 100.00 Vibrador Pretty Love con 10 modos de vibraci\u00f3n, dise\u00f1ado para estimular el cl\u00edtoris con m\u00e1xima intensidad. Material: Silicona y ABS Largo: 7.2 cm Ancho: 7.2 cm Color: Rosa Funciones: 10 modos de vibraci\u00f3n, estimulaci\u00f3n clitorial<\/p>\n","protected":false},"featured_media":5017,"comment_status":"open","ping_status":"closed","template":"","meta":[],"product_brand":[],"product_cat":[199,186],"product_tag":[],"class_list":{"0":"post-4874","1":"product","2":"type-product","3":"status-publish","4":"has-post-thumbnail","6":"product_cat-vibrador-de-clitoris","7":"product_cat-vibradores","9":"first","10":"instock","11":"shipping-taxable","12":"purchasable","13":"product-type-simple"},"_links":{"self":[{"href":"https:\/\/toquemonos.com\/index.php\/wp-json\/wp\/v2\/product\/4874","targetHints":{"allow":["GET"]}}],"collection":[{"href":"https:\/\/toquemonos.com\/index.php\/wp-json\/wp\/v2\/product"}],"about":[{"href":"https:\/\/toquemonos.com\/index.php\/wp-json\/wp\/v2\/types\/product"}],"replies":[{"embeddable":true,"href":"https:\/\/toquemonos.com\/index.php\/wp-json\/wp\/v2\/comments?post=4874"}],"wp:featuredmedia":[{"embeddable":true,"href":"https:\/\/toquemonos.com\/index.php\/wp-json\/wp\/v2\/media\/5017"}],"wp:attachment":[{"href":"https:\/\/toquemonos.com\/index.php\/wp-json\/wp\/v2\/media?parent=4874"}],"wp:term":[{"taxonomy":"product_brand","embeddable":true,"href":"https:\/\/toquemonos.com\/index.php\/wp-json\/wp\/v2\/product_brand?post=4874"},{"taxonomy":"product_cat","embeddable":true,"href":"https:\/\/toquemonos.com\/index.php\/wp-json\/wp\/v2\/product_cat?post=4874"},{"taxonomy":"product_tag","embeddable":true,"href":"https:\/\/toquemonos.com\/index.php\/wp-json\/wp\/v2\/product_tag?post=4874"}],"curies":[{"name":"wp","href":"https:\/\/api.w.org\/{rel}","templated":true}]}}