{"id":4872,"date":"2026-05-06T00:37:28","date_gmt":"2026-05-06T00:37:28","guid":{"rendered":"http:\/\/toquemonos.com\/index.php\/product\/harness-briefs-kevin-base-dildos-lesbicos\/"},"modified":"2026-05-06T00:37:28","modified_gmt":"2026-05-06T00:37:28","slug":"harness-briefs-kevin-base-dildos-lesbicos","status":"publish","type":"product","link":"https:\/\/toquemonos.com\/index.php\/product\/harness-briefs-kevin-base-dildos-lesbicos\/","title":{"rendered":"HARNESS BRIEFS KEVIN Base &#8211; Dildos l\u00e9sbicos"},"content":{"rendered":"<p><strong>Precio Sugerido: S\/ 150.00<\/strong><\/p>\n<p>Arn\u00e9s universal tipo briefs con dildo realista de 21.8 cm, c\u00f3modo y ajustable para sesiones de placer en pareja.<\/p>\n<ul>\n<li>Material: Tela el\u00e1stica y TPR<\/li>\n<li>Largo: 19 cm<\/li>\n<li>Ancho: 3.7 cm<\/li>\n<li>Color: Piel<\/li>\n<li>Funciones: Arn\u00e9s universal, dildo realista, ajuste c\u00f3modo<\/li>\n<\/ul>\n","protected":false},"excerpt":{"rendered":"<p>Precio Sugerido: S\/ 150.00 Arn\u00e9s universal tipo briefs con dildo realista de 21.8 cm, c\u00f3modo y ajustable para sesiones de placer en pareja. Material: Tela el\u00e1stica y TPR Largo: 19 cm Ancho: 3.7 cm Color: Piel Funciones: Arn\u00e9s universal, dildo realista, ajuste c\u00f3modo<\/p>\n","protected":false},"featured_media":5027,"comment_status":"open","ping_status":"closed","template":"","meta":[],"product_brand":[],"product_cat":[229,219],"product_tag":[],"class_list":{"0":"post-4872","1":"product","2":"type-product","3":"status-publish","4":"has-post-thumbnail","6":"product_cat-dildos","7":"product_cat-dildos-lesbicos","9":"first","10":"instock","11":"shipping-taxable","12":"purchasable","13":"product-type-simple"},"_links":{"self":[{"href":"https:\/\/toquemonos.com\/index.php\/wp-json\/wp\/v2\/product\/4872","targetHints":{"allow":["GET"]}}],"collection":[{"href":"https:\/\/toquemonos.com\/index.php\/wp-json\/wp\/v2\/product"}],"about":[{"href":"https:\/\/toquemonos.com\/index.php\/wp-json\/wp\/v2\/types\/product"}],"replies":[{"embeddable":true,"href":"https:\/\/toquemonos.com\/index.php\/wp-json\/wp\/v2\/comments?post=4872"}],"wp:featuredmedia":[{"embeddable":true,"href":"https:\/\/toquemonos.com\/index.php\/wp-json\/wp\/v2\/media\/5027"}],"wp:attachment":[{"href":"https:\/\/toquemonos.com\/index.php\/wp-json\/wp\/v2\/media?parent=4872"}],"wp:term":[{"taxonomy":"product_brand","embeddable":true,"href":"https:\/\/toquemonos.com\/index.php\/wp-json\/wp\/v2\/product_brand?post=4872"},{"taxonomy":"product_cat","embeddable":true,"href":"https:\/\/toquemonos.com\/index.php\/wp-json\/wp\/v2\/product_cat?post=4872"},{"taxonomy":"product_tag","embeddable":true,"href":"https:\/\/toquemonos.com\/index.php\/wp-json\/wp\/v2\/product_tag?post=4872"}],"curies":[{"name":"wp","href":"https:\/\/api.w.org\/{rel}","templated":true}]}}