{"id":4868,"date":"2026-05-06T00:37:28","date_gmt":"2026-05-06T00:37:28","guid":{"rendered":"http:\/\/toquemonos.com\/index.php\/product\/strap-on-vibrador-lesbico-2\/"},"modified":"2026-05-06T00:37:28","modified_gmt":"2026-05-06T00:37:28","slug":"strap-on-vibrador-lesbico-2","status":"publish","type":"product","link":"https:\/\/toquemonos.com\/index.php\/product\/strap-on-vibrador-lesbico-2\/","title":{"rendered":"STRAP ON &#8211; Vibrador l\u00e9sbico"},"content":{"rendered":"<p><strong>Precio Sugerido: S\/ 200.00<\/strong><\/p>\n<p>Dildo vibrador realista de TPR con textura suave, dise\u00f1ado para penetraci\u00f3n vaginal o anal y uso con arn\u00e9s strap-on.<\/p>\n<ul>\n<li>Material: TPR y ABS<\/li>\n<li>Largo: 19.4 cm<\/li>\n<li>Ancho: 4.2 cm<\/li>\n<li>Color: Piel<\/li>\n<li>Funciones: Vibraci\u00f3n, arn\u00e9s compatible, textura realista<\/li>\n<\/ul>\n","protected":false},"excerpt":{"rendered":"<p>Precio Sugerido: S\/ 200.00 Dildo vibrador realista de TPR con textura suave, dise\u00f1ado para penetraci\u00f3n vaginal o anal y uso con arn\u00e9s strap-on. Material: TPR y ABS Largo: 19.4 cm Ancho: 4.2 cm Color: Piel Funciones: Vibraci\u00f3n, arn\u00e9s compatible, textura realista<\/p>\n","protected":false},"featured_media":5030,"comment_status":"open","ping_status":"closed","template":"","meta":[],"product_brand":[],"product_cat":[208,186],"product_tag":[],"class_list":{"0":"post-4868","1":"product","2":"type-product","3":"status-publish","4":"has-post-thumbnail","6":"product_cat-vibrador-lesbico","7":"product_cat-vibradores","9":"first","10":"instock","11":"shipping-taxable","12":"purchasable","13":"product-type-simple"},"_links":{"self":[{"href":"https:\/\/toquemonos.com\/index.php\/wp-json\/wp\/v2\/product\/4868","targetHints":{"allow":["GET"]}}],"collection":[{"href":"https:\/\/toquemonos.com\/index.php\/wp-json\/wp\/v2\/product"}],"about":[{"href":"https:\/\/toquemonos.com\/index.php\/wp-json\/wp\/v2\/types\/product"}],"replies":[{"embeddable":true,"href":"https:\/\/toquemonos.com\/index.php\/wp-json\/wp\/v2\/comments?post=4868"}],"wp:featuredmedia":[{"embeddable":true,"href":"https:\/\/toquemonos.com\/index.php\/wp-json\/wp\/v2\/media\/5030"}],"wp:attachment":[{"href":"https:\/\/toquemonos.com\/index.php\/wp-json\/wp\/v2\/media?parent=4868"}],"wp:term":[{"taxonomy":"product_brand","embeddable":true,"href":"https:\/\/toquemonos.com\/index.php\/wp-json\/wp\/v2\/product_brand?post=4868"},{"taxonomy":"product_cat","embeddable":true,"href":"https:\/\/toquemonos.com\/index.php\/wp-json\/wp\/v2\/product_cat?post=4868"},{"taxonomy":"product_tag","embeddable":true,"href":"https:\/\/toquemonos.com\/index.php\/wp-json\/wp\/v2\/product_tag?post=4868"}],"curies":[{"name":"wp","href":"https:\/\/api.w.org\/{rel}","templated":true}]}}