{"id":4863,"date":"2026-05-06T00:37:27","date_gmt":"2026-05-06T00:37:27","guid":{"rendered":"http:\/\/toquemonos.com\/index.php\/product\/ultra-passionate-harness-ineffable-5-3-base-dildos-lesbicos\/"},"modified":"2026-05-06T00:37:27","modified_gmt":"2026-05-06T00:37:27","slug":"ultra-passionate-harness-ineffable-5-3-base-dildos-lesbicos","status":"publish","type":"product","link":"https:\/\/toquemonos.com\/index.php\/product\/ultra-passionate-harness-ineffable-5-3-base-dildos-lesbicos\/","title":{"rendered":"ULTRA PASSIONATE HARNESS INEFFABLE 5.3 Base &#8211; Dildos l\u00e9sbicos"},"content":{"rendered":"<p><strong>Precio Sugerido: S\/ 180.00<\/strong><\/p>\n<p>Doble dildo de TPR con arn\u00e9s ajustable, dise\u00f1ado para que ambos participantes disfruten simult\u00e1neamente de la estimulaci\u00f3n.<\/p>\n<ul>\n<li>Material: TPR y ABS<\/li>\n<li>Largo: 23.7 cm<\/li>\n<li>Ancho: 3.4 cm<\/li>\n<li>Color: Piel<\/li>\n<li>Funciones: Doble penetraci\u00f3n, arn\u00e9s ajustable, textura acanalada<\/li>\n<\/ul>\n","protected":false},"excerpt":{"rendered":"<p>Precio Sugerido: S\/ 180.00 Doble dildo de TPR con arn\u00e9s ajustable, dise\u00f1ado para que ambos participantes disfruten simult\u00e1neamente de la estimulaci\u00f3n. Material: TPR y ABS Largo: 23.7 cm Ancho: 3.4 cm Color: Piel Funciones: Doble penetraci\u00f3n, arn\u00e9s ajustable, textura acanalada<\/p>\n","protected":false},"featured_media":5035,"comment_status":"open","ping_status":"closed","template":"","meta":[],"product_brand":[],"product_cat":[229,219],"product_tag":[],"class_list":{"0":"post-4863","1":"product","2":"type-product","3":"status-publish","4":"has-post-thumbnail","6":"product_cat-dildos","7":"product_cat-dildos-lesbicos","9":"first","10":"instock","11":"shipping-taxable","12":"purchasable","13":"product-type-simple"},"_links":{"self":[{"href":"https:\/\/toquemonos.com\/index.php\/wp-json\/wp\/v2\/product\/4863","targetHints":{"allow":["GET"]}}],"collection":[{"href":"https:\/\/toquemonos.com\/index.php\/wp-json\/wp\/v2\/product"}],"about":[{"href":"https:\/\/toquemonos.com\/index.php\/wp-json\/wp\/v2\/types\/product"}],"replies":[{"embeddable":true,"href":"https:\/\/toquemonos.com\/index.php\/wp-json\/wp\/v2\/comments?post=4863"}],"wp:featuredmedia":[{"embeddable":true,"href":"https:\/\/toquemonos.com\/index.php\/wp-json\/wp\/v2\/media\/5035"}],"wp:attachment":[{"href":"https:\/\/toquemonos.com\/index.php\/wp-json\/wp\/v2\/media?parent=4863"}],"wp:term":[{"taxonomy":"product_brand","embeddable":true,"href":"https:\/\/toquemonos.com\/index.php\/wp-json\/wp\/v2\/product_brand?post=4863"},{"taxonomy":"product_cat","embeddable":true,"href":"https:\/\/toquemonos.com\/index.php\/wp-json\/wp\/v2\/product_cat?post=4863"},{"taxonomy":"product_tag","embeddable":true,"href":"https:\/\/toquemonos.com\/index.php\/wp-json\/wp\/v2\/product_tag?post=4863"}],"curies":[{"name":"wp","href":"https:\/\/api.w.org\/{rel}","templated":true}]}}