{"id":4861,"date":"2026-05-06T00:37:27","date_gmt":"2026-05-06T00:37:27","guid":{"rendered":"http:\/\/toquemonos.com\/index.php\/product\/harness-briefs-dildos-lesbicos\/"},"modified":"2026-05-06T00:37:27","modified_gmt":"2026-05-06T00:37:27","slug":"harness-briefs-dildos-lesbicos","status":"publish","type":"product","link":"https:\/\/toquemonos.com\/index.php\/product\/harness-briefs-dildos-lesbicos\/","title":{"rendered":"HARNESS BRIEFS &#8211; Dildos l\u00e9sbicos"},"content":{"rendered":"<p><strong>Precio Sugerido: S\/ 160.00<\/strong><\/p>\n<p>Kit de strap-on con arn\u00e9s de succi\u00f3n PRETTYLOVE y dildo de silicona de 16.3 cm, f\u00e1cil de usar y seguro durante el juego.<\/p>\n<ul>\n<li>Material: Silicona y ABS<\/li>\n<li>Largo: 20.6 cm<\/li>\n<li>Ancho: 4.2 cm<\/li>\n<li>Color: Trigue\u00f1o<\/li>\n<li>Funciones: Strap-on, arn\u00e9s de succi\u00f3n, instalaci\u00f3n f\u00e1cil<\/li>\n<\/ul>\n","protected":false},"excerpt":{"rendered":"<p>Precio Sugerido: S\/ 160.00 Kit de strap-on con arn\u00e9s de succi\u00f3n PRETTYLOVE y dildo de silicona de 16.3 cm, f\u00e1cil de usar y seguro durante el juego. Material: Silicona y ABS Largo: 20.6 cm Ancho: 4.2 cm Color: Trigue\u00f1o Funciones: Strap-on, arn\u00e9s de succi\u00f3n, instalaci\u00f3n f\u00e1cil<\/p>\n","protected":false},"featured_media":5033,"comment_status":"open","ping_status":"closed","template":"","meta":[],"product_brand":[],"product_cat":[229,219],"product_tag":[],"class_list":{"0":"post-4861","1":"product","2":"type-product","3":"status-publish","4":"has-post-thumbnail","6":"product_cat-dildos","7":"product_cat-dildos-lesbicos","9":"first","10":"instock","11":"shipping-taxable","12":"purchasable","13":"product-type-simple"},"_links":{"self":[{"href":"https:\/\/toquemonos.com\/index.php\/wp-json\/wp\/v2\/product\/4861","targetHints":{"allow":["GET"]}}],"collection":[{"href":"https:\/\/toquemonos.com\/index.php\/wp-json\/wp\/v2\/product"}],"about":[{"href":"https:\/\/toquemonos.com\/index.php\/wp-json\/wp\/v2\/types\/product"}],"replies":[{"embeddable":true,"href":"https:\/\/toquemonos.com\/index.php\/wp-json\/wp\/v2\/comments?post=4861"}],"wp:featuredmedia":[{"embeddable":true,"href":"https:\/\/toquemonos.com\/index.php\/wp-json\/wp\/v2\/media\/5033"}],"wp:attachment":[{"href":"https:\/\/toquemonos.com\/index.php\/wp-json\/wp\/v2\/media?parent=4861"}],"wp:term":[{"taxonomy":"product_brand","embeddable":true,"href":"https:\/\/toquemonos.com\/index.php\/wp-json\/wp\/v2\/product_brand?post=4861"},{"taxonomy":"product_cat","embeddable":true,"href":"https:\/\/toquemonos.com\/index.php\/wp-json\/wp\/v2\/product_cat?post=4861"},{"taxonomy":"product_tag","embeddable":true,"href":"https:\/\/toquemonos.com\/index.php\/wp-json\/wp\/v2\/product_tag?post=4861"}],"curies":[{"name":"wp","href":"https:\/\/api.w.org\/{rel}","templated":true}]}}