{"id":4859,"date":"2026-05-06T00:37:27","date_gmt":"2026-05-06T00:37:27","guid":{"rendered":"http:\/\/toquemonos.com\/index.php\/product\/thunder-bird-vibrador-lesbico\/"},"modified":"2026-05-06T00:37:27","modified_gmt":"2026-05-06T00:37:27","slug":"thunder-bird-vibrador-lesbico","status":"publish","type":"product","link":"https:\/\/toquemonos.com\/index.php\/product\/thunder-bird-vibrador-lesbico\/","title":{"rendered":"THUNDER BIRD &#8211; Vibrador l\u00e9sbico"},"content":{"rendered":"<p><strong>Precio Sugerido: S\/ 270.00<\/strong><\/p>\n<p>Strap-on sin arn\u00e9s con 12 modos de vibraci\u00f3n y 3 modos de estimulaci\u00f3n el\u00e9ctrica, dise\u00f1ado para una experiencia manos libres y estimulante.<\/p>\n<ul>\n<li>Material: PVC y ABS<\/li>\n<li>Largo: 22.5 cm<\/li>\n<li>Ancho: 3.8 cm<\/li>\n<li>Color: Rosado<\/li>\n<li>Funciones: 12 modos de vibraci\u00f3n, 3 modos de electroestimulaci\u00f3n, control remoto inal\u00e1mbrico, strapless<\/li>\n<\/ul>\n","protected":false},"excerpt":{"rendered":"<p>Precio Sugerido: S\/ 270.00 Strap-on sin arn\u00e9s con 12 modos de vibraci\u00f3n y 3 modos de estimulaci\u00f3n el\u00e9ctrica, dise\u00f1ado para una experiencia manos libres y estimulante. Material: PVC y ABS Largo: 22.5 cm Ancho: 3.8 cm Color: Rosado Funciones: 12 modos de vibraci\u00f3n, 3 modos de electroestimulaci\u00f3n, control remoto inal\u00e1mbrico, strapless<\/p>\n","protected":false},"featured_media":5031,"comment_status":"open","ping_status":"closed","template":"","meta":[],"product_brand":[],"product_cat":[208,186],"product_tag":[],"class_list":{"0":"post-4859","1":"product","2":"type-product","3":"status-publish","4":"has-post-thumbnail","6":"product_cat-vibrador-lesbico","7":"product_cat-vibradores","9":"first","10":"instock","11":"shipping-taxable","12":"purchasable","13":"product-type-simple"},"_links":{"self":[{"href":"https:\/\/toquemonos.com\/index.php\/wp-json\/wp\/v2\/product\/4859","targetHints":{"allow":["GET"]}}],"collection":[{"href":"https:\/\/toquemonos.com\/index.php\/wp-json\/wp\/v2\/product"}],"about":[{"href":"https:\/\/toquemonos.com\/index.php\/wp-json\/wp\/v2\/types\/product"}],"replies":[{"embeddable":true,"href":"https:\/\/toquemonos.com\/index.php\/wp-json\/wp\/v2\/comments?post=4859"}],"wp:featuredmedia":[{"embeddable":true,"href":"https:\/\/toquemonos.com\/index.php\/wp-json\/wp\/v2\/media\/5031"}],"wp:attachment":[{"href":"https:\/\/toquemonos.com\/index.php\/wp-json\/wp\/v2\/media?parent=4859"}],"wp:term":[{"taxonomy":"product_brand","embeddable":true,"href":"https:\/\/toquemonos.com\/index.php\/wp-json\/wp\/v2\/product_brand?post=4859"},{"taxonomy":"product_cat","embeddable":true,"href":"https:\/\/toquemonos.com\/index.php\/wp-json\/wp\/v2\/product_cat?post=4859"},{"taxonomy":"product_tag","embeddable":true,"href":"https:\/\/toquemonos.com\/index.php\/wp-json\/wp\/v2\/product_tag?post=4859"}],"curies":[{"name":"wp","href":"https:\/\/api.w.org\/{rel}","templated":true}]}}