{"id":4858,"date":"2026-05-06T00:37:26","date_gmt":"2026-05-06T00:37:26","guid":{"rendered":"http:\/\/toquemonos.com\/index.php\/product\/kelpie-dildos-lesbicos\/"},"modified":"2026-05-06T00:37:26","modified_gmt":"2026-05-06T00:37:26","slug":"kelpie-dildos-lesbicos","status":"publish","type":"product","link":"https:\/\/toquemonos.com\/index.php\/product\/kelpie-dildos-lesbicos\/","title":{"rendered":"KELPIE &#8211; Dildos l\u00e9sbicos"},"content":{"rendered":"<p><strong>Precio Sugerido: S\/ 280.00<\/strong><\/p>\n<p>Strap-on sin arn\u00e9s dise\u00f1ado para estimular a ambos simult\u00e1neamente, con funci\u00f3n de eyaculaci\u00f3n simulada para una experiencia \u00fanica.<\/p>\n<ul>\n<li>Material: PVC y ABS<\/li>\n<li>Largo: 25 cm<\/li>\n<li>Ancho: 3.9 cm<\/li>\n<li>Color: Rosado<\/li>\n<li>Funciones: Squirt, strapless, estimulaci\u00f3n doble<\/li>\n<\/ul>\n","protected":false},"excerpt":{"rendered":"<p>Precio Sugerido: S\/ 280.00 Strap-on sin arn\u00e9s dise\u00f1ado para estimular a ambos simult\u00e1neamente, con funci\u00f3n de eyaculaci\u00f3n simulada para una experiencia \u00fanica. Material: PVC y ABS Largo: 25 cm Ancho: 3.9 cm Color: Rosado Funciones: Squirt, strapless, estimulaci\u00f3n doble<\/p>\n","protected":false},"featured_media":5044,"comment_status":"open","ping_status":"closed","template":"","meta":[],"product_brand":[],"product_cat":[229,219],"product_tag":[],"class_list":{"0":"post-4858","1":"product","2":"type-product","3":"status-publish","4":"has-post-thumbnail","6":"product_cat-dildos","7":"product_cat-dildos-lesbicos","9":"first","10":"instock","11":"shipping-taxable","12":"purchasable","13":"product-type-simple"},"_links":{"self":[{"href":"https:\/\/toquemonos.com\/index.php\/wp-json\/wp\/v2\/product\/4858","targetHints":{"allow":["GET"]}}],"collection":[{"href":"https:\/\/toquemonos.com\/index.php\/wp-json\/wp\/v2\/product"}],"about":[{"href":"https:\/\/toquemonos.com\/index.php\/wp-json\/wp\/v2\/types\/product"}],"replies":[{"embeddable":true,"href":"https:\/\/toquemonos.com\/index.php\/wp-json\/wp\/v2\/comments?post=4858"}],"wp:featuredmedia":[{"embeddable":true,"href":"https:\/\/toquemonos.com\/index.php\/wp-json\/wp\/v2\/media\/5044"}],"wp:attachment":[{"href":"https:\/\/toquemonos.com\/index.php\/wp-json\/wp\/v2\/media?parent=4858"}],"wp:term":[{"taxonomy":"product_brand","embeddable":true,"href":"https:\/\/toquemonos.com\/index.php\/wp-json\/wp\/v2\/product_brand?post=4858"},{"taxonomy":"product_cat","embeddable":true,"href":"https:\/\/toquemonos.com\/index.php\/wp-json\/wp\/v2\/product_cat?post=4858"},{"taxonomy":"product_tag","embeddable":true,"href":"https:\/\/toquemonos.com\/index.php\/wp-json\/wp\/v2\/product_tag?post=4858"}],"curies":[{"name":"wp","href":"https:\/\/api.w.org\/{rel}","templated":true}]}}