{"id":4857,"date":"2026-05-06T00:37:26","date_gmt":"2026-05-06T00:37:26","guid":{"rendered":"http:\/\/toquemonos.com\/index.php\/product\/strap-on-vibrador-lesbico\/"},"modified":"2026-05-06T00:37:26","modified_gmt":"2026-05-06T00:37:26","slug":"strap-on-vibrador-lesbico","status":"publish","type":"product","link":"https:\/\/toquemonos.com\/index.php\/product\/strap-on-vibrador-lesbico\/","title":{"rendered":"STRAP ON &#8211; Vibrador l\u00e9sbico"},"content":{"rendered":"<p><strong>Precio Sugerido: S\/ 150.00<\/strong><\/p>\n<p>Strap-on doble vibrador de TPR con arn\u00e9s ajustable y ejes flexibles para m\u00e1xima estimulaci\u00f3n y comodidad.<\/p>\n<ul>\n<li>Material: TPR y ABS<\/li>\n<li>Largo: 16 cm<\/li>\n<li>Ancho: 4 cm<\/li>\n<li>Color: Trigue\u00f1o<\/li>\n<li>Funciones: Vibraci\u00f3n, arn\u00e9s ajustable, piel deslizante, doble penetraci\u00f3n<\/li>\n<\/ul>\n","protected":false},"excerpt":{"rendered":"<p>Precio Sugerido: S\/ 150.00 Strap-on doble vibrador de TPR con arn\u00e9s ajustable y ejes flexibles para m\u00e1xima estimulaci\u00f3n y comodidad. Material: TPR y ABS Largo: 16 cm Ancho: 4 cm Color: Trigue\u00f1o Funciones: Vibraci\u00f3n, arn\u00e9s ajustable, piel deslizante, doble penetraci\u00f3n<\/p>\n","protected":false},"featured_media":5043,"comment_status":"open","ping_status":"closed","template":"","meta":[],"product_brand":[],"product_cat":[208,186],"product_tag":[],"class_list":{"0":"post-4857","1":"product","2":"type-product","3":"status-publish","4":"has-post-thumbnail","6":"product_cat-vibrador-lesbico","7":"product_cat-vibradores","9":"first","10":"instock","11":"shipping-taxable","12":"purchasable","13":"product-type-simple"},"_links":{"self":[{"href":"https:\/\/toquemonos.com\/index.php\/wp-json\/wp\/v2\/product\/4857","targetHints":{"allow":["GET"]}}],"collection":[{"href":"https:\/\/toquemonos.com\/index.php\/wp-json\/wp\/v2\/product"}],"about":[{"href":"https:\/\/toquemonos.com\/index.php\/wp-json\/wp\/v2\/types\/product"}],"replies":[{"embeddable":true,"href":"https:\/\/toquemonos.com\/index.php\/wp-json\/wp\/v2\/comments?post=4857"}],"wp:featuredmedia":[{"embeddable":true,"href":"https:\/\/toquemonos.com\/index.php\/wp-json\/wp\/v2\/media\/5043"}],"wp:attachment":[{"href":"https:\/\/toquemonos.com\/index.php\/wp-json\/wp\/v2\/media?parent=4857"}],"wp:term":[{"taxonomy":"product_brand","embeddable":true,"href":"https:\/\/toquemonos.com\/index.php\/wp-json\/wp\/v2\/product_brand?post=4857"},{"taxonomy":"product_cat","embeddable":true,"href":"https:\/\/toquemonos.com\/index.php\/wp-json\/wp\/v2\/product_cat?post=4857"},{"taxonomy":"product_tag","embeddable":true,"href":"https:\/\/toquemonos.com\/index.php\/wp-json\/wp\/v2\/product_tag?post=4857"}],"curies":[{"name":"wp","href":"https:\/\/api.w.org\/{rel}","templated":true}]}}