{"id":4856,"date":"2026-05-06T00:37:26","date_gmt":"2026-05-06T00:37:26","guid":{"rendered":"http:\/\/toquemonos.com\/index.php\/product\/valerie-base-vibrador-lesbico\/"},"modified":"2026-05-06T00:37:26","modified_gmt":"2026-05-06T00:37:26","slug":"valerie-base-vibrador-lesbico","status":"publish","type":"product","link":"https:\/\/toquemonos.com\/index.php\/product\/valerie-base-vibrador-lesbico\/","title":{"rendered":"VALERIE Base &#8211; Vibrador l\u00e9sbico"},"content":{"rendered":"<p><strong>Precio Sugerido: S\/ 250.00<\/strong><\/p>\n<p>Strap-on sin arn\u00e9s con 12 modos de vibraci\u00f3n, dise\u00f1ado para estimular a ambos simult\u00e1neamente y ofrecer m\u00e1xima diversi\u00f3n.<\/p>\n<ul>\n<li>Material: PVC y ABS<\/li>\n<li>Largo: 19.2 cm<\/li>\n<li>Ancho: 3.3 cm<\/li>\n<li>Color: Rosado<\/li>\n<li>Funciones: 12 modos de vibraci\u00f3n, funci\u00f3n memoria, strapless<\/li>\n<\/ul>\n","protected":false},"excerpt":{"rendered":"<p>Precio Sugerido: S\/ 250.00 Strap-on sin arn\u00e9s con 12 modos de vibraci\u00f3n, dise\u00f1ado para estimular a ambos simult\u00e1neamente y ofrecer m\u00e1xima diversi\u00f3n. Material: PVC y ABS Largo: 19.2 cm Ancho: 3.3 cm Color: Rosado Funciones: 12 modos de vibraci\u00f3n, funci\u00f3n memoria, strapless<\/p>\n","protected":false},"featured_media":5042,"comment_status":"open","ping_status":"closed","template":"","meta":[],"product_brand":[],"product_cat":[208,186],"product_tag":[],"class_list":{"0":"post-4856","1":"product","2":"type-product","3":"status-publish","4":"has-post-thumbnail","6":"product_cat-vibrador-lesbico","7":"product_cat-vibradores","9":"first","10":"instock","11":"shipping-taxable","12":"purchasable","13":"product-type-simple"},"_links":{"self":[{"href":"https:\/\/toquemonos.com\/index.php\/wp-json\/wp\/v2\/product\/4856","targetHints":{"allow":["GET"]}}],"collection":[{"href":"https:\/\/toquemonos.com\/index.php\/wp-json\/wp\/v2\/product"}],"about":[{"href":"https:\/\/toquemonos.com\/index.php\/wp-json\/wp\/v2\/types\/product"}],"replies":[{"embeddable":true,"href":"https:\/\/toquemonos.com\/index.php\/wp-json\/wp\/v2\/comments?post=4856"}],"wp:featuredmedia":[{"embeddable":true,"href":"https:\/\/toquemonos.com\/index.php\/wp-json\/wp\/v2\/media\/5042"}],"wp:attachment":[{"href":"https:\/\/toquemonos.com\/index.php\/wp-json\/wp\/v2\/media?parent=4856"}],"wp:term":[{"taxonomy":"product_brand","embeddable":true,"href":"https:\/\/toquemonos.com\/index.php\/wp-json\/wp\/v2\/product_brand?post=4856"},{"taxonomy":"product_cat","embeddable":true,"href":"https:\/\/toquemonos.com\/index.php\/wp-json\/wp\/v2\/product_cat?post=4856"},{"taxonomy":"product_tag","embeddable":true,"href":"https:\/\/toquemonos.com\/index.php\/wp-json\/wp\/v2\/product_tag?post=4856"}],"curies":[{"name":"wp","href":"https:\/\/api.w.org\/{rel}","templated":true}]}}