{"id":4853,"date":"2026-05-06T00:37:26","date_gmt":"2026-05-06T00:37:26","guid":{"rendered":"http:\/\/toquemonos.com\/index.php\/product\/myron-strap-on-sleeve-vibrator-protesis-con-arnes\/"},"modified":"2026-05-06T00:37:26","modified_gmt":"2026-05-06T00:37:26","slug":"myron-strap-on-sleeve-vibrator-protesis-con-arnes","status":"publish","type":"product","link":"https:\/\/toquemonos.com\/index.php\/product\/myron-strap-on-sleeve-vibrator-protesis-con-arnes\/","title":{"rendered":"MYRON STRAP ON SLEEVE VIBRATOR &#8211; Pr\u00f3tesis con arnes"},"content":{"rendered":"<p><strong>Precio Sugerido: S\/ 200.00<\/strong><\/p>\n<p>Strap-on vibrador con eje venoso y arn\u00e9s ajustable para m\u00e1xima estimulaci\u00f3n y comodidad.<\/p>\n<ul>\n<li>Material: PVC y ABS<\/li>\n<li>Largo: 18.5 cm<\/li>\n<li>Ancho: 4.8 cm<\/li>\n<li>Color: Negro<\/li>\n<li>Funciones: Vibraci\u00f3n, strap-on, arn\u00e9s ajustable<\/li>\n<\/ul>\n","protected":false},"excerpt":{"rendered":"<p>Precio Sugerido: S\/ 200.00 Strap-on vibrador con eje venoso y arn\u00e9s ajustable para m\u00e1xima estimulaci\u00f3n y comodidad. Material: PVC y ABS Largo: 18.5 cm Ancho: 4.8 cm Color: Negro Funciones: Vibraci\u00f3n, strap-on, arn\u00e9s ajustable<\/p>\n","protected":false},"featured_media":5039,"comment_status":"open","ping_status":"closed","template":"","meta":[],"product_brand":[],"product_cat":[231,221],"product_tag":[],"class_list":{"0":"post-4853","1":"product","2":"type-product","3":"status-publish","4":"has-post-thumbnail","6":"product_cat-fundas-y-protesis","7":"product_cat-protesis-con-arnes","9":"first","10":"instock","11":"shipping-taxable","12":"purchasable","13":"product-type-simple"},"_links":{"self":[{"href":"https:\/\/toquemonos.com\/index.php\/wp-json\/wp\/v2\/product\/4853","targetHints":{"allow":["GET"]}}],"collection":[{"href":"https:\/\/toquemonos.com\/index.php\/wp-json\/wp\/v2\/product"}],"about":[{"href":"https:\/\/toquemonos.com\/index.php\/wp-json\/wp\/v2\/types\/product"}],"replies":[{"embeddable":true,"href":"https:\/\/toquemonos.com\/index.php\/wp-json\/wp\/v2\/comments?post=4853"}],"wp:featuredmedia":[{"embeddable":true,"href":"https:\/\/toquemonos.com\/index.php\/wp-json\/wp\/v2\/media\/5039"}],"wp:attachment":[{"href":"https:\/\/toquemonos.com\/index.php\/wp-json\/wp\/v2\/media?parent=4853"}],"wp:term":[{"taxonomy":"product_brand","embeddable":true,"href":"https:\/\/toquemonos.com\/index.php\/wp-json\/wp\/v2\/product_brand?post=4853"},{"taxonomy":"product_cat","embeddable":true,"href":"https:\/\/toquemonos.com\/index.php\/wp-json\/wp\/v2\/product_cat?post=4853"},{"taxonomy":"product_tag","embeddable":true,"href":"https:\/\/toquemonos.com\/index.php\/wp-json\/wp\/v2\/product_tag?post=4853"}],"curies":[{"name":"wp","href":"https:\/\/api.w.org\/{rel}","templated":true}]}}