{"id":4848,"date":"2026-05-06T00:37:25","date_gmt":"2026-05-06T00:37:25","guid":{"rendered":"http:\/\/toquemonos.com\/index.php\/product\/ultra-harnes-vibrador-lesbico\/"},"modified":"2026-05-06T00:37:25","modified_gmt":"2026-05-06T00:37:25","slug":"ultra-harnes-vibrador-lesbico","status":"publish","type":"product","link":"https:\/\/toquemonos.com\/index.php\/product\/ultra-harnes-vibrador-lesbico\/","title":{"rendered":"ULTRA HARNES &#8211; Vibrador l\u00e9sbico"},"content":{"rendered":"<p><strong>Precio Sugerido: S\/ 130.00<\/strong><\/p>\n<p>Dildo strap-on de silicona suave con dise\u00f1o no anat\u00f3mico y ligera curvatura para estimulaci\u00f3n del punto G o P. Incluye vibraci\u00f3n y arn\u00e9s c\u00f3modo para un ajuste seguro.<\/p>\n<ul>\n<li>Material: Silicona y ABS<\/li>\n<li>Largo: 15.5 cm<\/li>\n<li>Ancho: 3.7 cm<\/li>\n<li>Color: Morado<\/li>\n<li>Funciones: Vibraci\u00f3n, strap-on, arn\u00e9s ajustable<\/li>\n<\/ul>\n","protected":false},"excerpt":{"rendered":"<p>Precio Sugerido: S\/ 130.00 Dildo strap-on de silicona suave con dise\u00f1o no anat\u00f3mico y ligera curvatura para estimulaci\u00f3n del punto G o P. Incluye vibraci\u00f3n y arn\u00e9s c\u00f3modo para un ajuste seguro. Material: Silicona y ABS Largo: 15.5 cm Ancho: 3.7 cm Color: Morado Funciones: Vibraci\u00f3n, strap-on, arn\u00e9s ajustable<\/p>\n","protected":false},"featured_media":5052,"comment_status":"open","ping_status":"closed","template":"","meta":[],"product_brand":[],"product_cat":[208,186],"product_tag":[],"class_list":{"0":"post-4848","1":"product","2":"type-product","3":"status-publish","4":"has-post-thumbnail","6":"product_cat-vibrador-lesbico","7":"product_cat-vibradores","9":"first","10":"instock","11":"shipping-taxable","12":"purchasable","13":"product-type-simple"},"_links":{"self":[{"href":"https:\/\/toquemonos.com\/index.php\/wp-json\/wp\/v2\/product\/4848","targetHints":{"allow":["GET"]}}],"collection":[{"href":"https:\/\/toquemonos.com\/index.php\/wp-json\/wp\/v2\/product"}],"about":[{"href":"https:\/\/toquemonos.com\/index.php\/wp-json\/wp\/v2\/types\/product"}],"replies":[{"embeddable":true,"href":"https:\/\/toquemonos.com\/index.php\/wp-json\/wp\/v2\/comments?post=4848"}],"wp:featuredmedia":[{"embeddable":true,"href":"https:\/\/toquemonos.com\/index.php\/wp-json\/wp\/v2\/media\/5052"}],"wp:attachment":[{"href":"https:\/\/toquemonos.com\/index.php\/wp-json\/wp\/v2\/media?parent=4848"}],"wp:term":[{"taxonomy":"product_brand","embeddable":true,"href":"https:\/\/toquemonos.com\/index.php\/wp-json\/wp\/v2\/product_brand?post=4848"},{"taxonomy":"product_cat","embeddable":true,"href":"https:\/\/toquemonos.com\/index.php\/wp-json\/wp\/v2\/product_cat?post=4848"},{"taxonomy":"product_tag","embeddable":true,"href":"https:\/\/toquemonos.com\/index.php\/wp-json\/wp\/v2\/product_tag?post=4848"}],"curies":[{"name":"wp","href":"https:\/\/api.w.org\/{rel}","templated":true}]}}