{"id":4847,"date":"2026-05-06T00:37:25","date_gmt":"2026-05-06T00:37:25","guid":{"rendered":"http:\/\/toquemonos.com\/index.php\/product\/ultra-harness-vibrador-lesbico\/"},"modified":"2026-05-06T00:37:25","modified_gmt":"2026-05-06T00:37:25","slug":"ultra-harness-vibrador-lesbico","status":"publish","type":"product","link":"https:\/\/toquemonos.com\/index.php\/product\/ultra-harness-vibrador-lesbico\/","title":{"rendered":"ULTRA HARNESS &#8211; Vibrador l\u00e9sbico"},"content":{"rendered":"<p><strong>Precio Sugerido: S\/ 200.00<\/strong><\/p>\n<p>Dildo strap-on tipo rabbit con vibraci\u00f3n y rotaci\u00f3n, dise\u00f1ado para estimular m\u00faltiples zonas gracias a su cabeza giratoria, cuentas internas y estimulador externo. Incluye control remoto y arn\u00e9s ajustable.<\/p>\n<ul>\n<li>Material: PVC y ABS<\/li>\n<li>Largo: 18 cm<\/li>\n<li>Ancho: 3.5 cm<\/li>\n<li>Color: Morado<\/li>\n<li>Funciones: Vibraci\u00f3n (7 modos), rotaci\u00f3n, strap-on, control con cable, arn\u00e9s ajustable<\/li>\n<\/ul>\n","protected":false},"excerpt":{"rendered":"<p>Precio Sugerido: S\/ 200.00 Dildo strap-on tipo rabbit con vibraci\u00f3n y rotaci\u00f3n, dise\u00f1ado para estimular m\u00faltiples zonas gracias a su cabeza giratoria, cuentas internas y estimulador externo. Incluye control remoto y arn\u00e9s ajustable. Material: PVC y ABS Largo: 18 cm Ancho: 3.5 cm Color: Morado Funciones: Vibraci\u00f3n (7 modos), rotaci\u00f3n, strap-on, control con cable, arn\u00e9s [&hellip;]<\/p>\n","protected":false},"featured_media":5051,"comment_status":"open","ping_status":"closed","template":"","meta":[],"product_brand":[],"product_cat":[208,186],"product_tag":[],"class_list":{"0":"post-4847","1":"product","2":"type-product","3":"status-publish","4":"has-post-thumbnail","6":"product_cat-vibrador-lesbico","7":"product_cat-vibradores","9":"first","10":"instock","11":"shipping-taxable","12":"purchasable","13":"product-type-simple"},"_links":{"self":[{"href":"https:\/\/toquemonos.com\/index.php\/wp-json\/wp\/v2\/product\/4847","targetHints":{"allow":["GET"]}}],"collection":[{"href":"https:\/\/toquemonos.com\/index.php\/wp-json\/wp\/v2\/product"}],"about":[{"href":"https:\/\/toquemonos.com\/index.php\/wp-json\/wp\/v2\/types\/product"}],"replies":[{"embeddable":true,"href":"https:\/\/toquemonos.com\/index.php\/wp-json\/wp\/v2\/comments?post=4847"}],"wp:featuredmedia":[{"embeddable":true,"href":"https:\/\/toquemonos.com\/index.php\/wp-json\/wp\/v2\/media\/5051"}],"wp:attachment":[{"href":"https:\/\/toquemonos.com\/index.php\/wp-json\/wp\/v2\/media?parent=4847"}],"wp:term":[{"taxonomy":"product_brand","embeddable":true,"href":"https:\/\/toquemonos.com\/index.php\/wp-json\/wp\/v2\/product_brand?post=4847"},{"taxonomy":"product_cat","embeddable":true,"href":"https:\/\/toquemonos.com\/index.php\/wp-json\/wp\/v2\/product_cat?post=4847"},{"taxonomy":"product_tag","embeddable":true,"href":"https:\/\/toquemonos.com\/index.php\/wp-json\/wp\/v2\/product_tag?post=4847"}],"curies":[{"name":"wp","href":"https:\/\/api.w.org\/{rel}","templated":true}]}}