{"id":4846,"date":"2026-05-06T00:37:25","date_gmt":"2026-05-06T00:37:25","guid":{"rendered":"http:\/\/toquemonos.com\/index.php\/product\/ultra-harness-dildos-lesbicos\/"},"modified":"2026-05-06T00:37:25","modified_gmt":"2026-05-06T00:37:25","slug":"ultra-harness-dildos-lesbicos","status":"publish","type":"product","link":"https:\/\/toquemonos.com\/index.php\/product\/ultra-harness-dildos-lesbicos\/","title":{"rendered":"ULTRA HARNESS &#8211; Dildos l\u00e9sbicos"},"content":{"rendered":"<p><strong>Precio Sugerido: S\/ 130.00<\/strong><\/p>\n<p>Dildo strap-on inflable con textura venosa, dise\u00f1ado para aumentar el grosor de forma progresiva y ofrecer una experiencia m\u00e1s intensa. Incluye arn\u00e9s el\u00e1stico ajustable y v\u00e1lvula de liberaci\u00f3n r\u00e1pida.<\/p>\n<ul>\n<li>Material: PVC<\/li>\n<li>Largo: 16.5 cm<\/li>\n<li>Ancho: 3.5 cm<\/li>\n<li>Color: Piel<\/li>\n<li>Funciones: Inflable, strap-on, arn\u00e9s ajustable, v\u00e1lvula de liberaci\u00f3n r\u00e1pida<\/li>\n<\/ul>\n","protected":false},"excerpt":{"rendered":"<p>Precio Sugerido: S\/ 130.00 Dildo strap-on inflable con textura venosa, dise\u00f1ado para aumentar el grosor de forma progresiva y ofrecer una experiencia m\u00e1s intensa. Incluye arn\u00e9s el\u00e1stico ajustable y v\u00e1lvula de liberaci\u00f3n r\u00e1pida. Material: PVC Largo: 16.5 cm Ancho: 3.5 cm Color: Piel Funciones: Inflable, strap-on, arn\u00e9s ajustable, v\u00e1lvula de liberaci\u00f3n r\u00e1pida<\/p>\n","protected":false},"featured_media":5050,"comment_status":"open","ping_status":"closed","template":"","meta":[],"product_brand":[],"product_cat":[229,219],"product_tag":[],"class_list":{"0":"post-4846","1":"product","2":"type-product","3":"status-publish","4":"has-post-thumbnail","6":"product_cat-dildos","7":"product_cat-dildos-lesbicos","9":"first","10":"instock","11":"shipping-taxable","12":"purchasable","13":"product-type-simple"},"_links":{"self":[{"href":"https:\/\/toquemonos.com\/index.php\/wp-json\/wp\/v2\/product\/4846","targetHints":{"allow":["GET"]}}],"collection":[{"href":"https:\/\/toquemonos.com\/index.php\/wp-json\/wp\/v2\/product"}],"about":[{"href":"https:\/\/toquemonos.com\/index.php\/wp-json\/wp\/v2\/types\/product"}],"replies":[{"embeddable":true,"href":"https:\/\/toquemonos.com\/index.php\/wp-json\/wp\/v2\/comments?post=4846"}],"wp:featuredmedia":[{"embeddable":true,"href":"https:\/\/toquemonos.com\/index.php\/wp-json\/wp\/v2\/media\/5050"}],"wp:attachment":[{"href":"https:\/\/toquemonos.com\/index.php\/wp-json\/wp\/v2\/media?parent=4846"}],"wp:term":[{"taxonomy":"product_brand","embeddable":true,"href":"https:\/\/toquemonos.com\/index.php\/wp-json\/wp\/v2\/product_brand?post=4846"},{"taxonomy":"product_cat","embeddable":true,"href":"https:\/\/toquemonos.com\/index.php\/wp-json\/wp\/v2\/product_cat?post=4846"},{"taxonomy":"product_tag","embeddable":true,"href":"https:\/\/toquemonos.com\/index.php\/wp-json\/wp\/v2\/product_tag?post=4846"}],"curies":[{"name":"wp","href":"https:\/\/api.w.org\/{rel}","templated":true}]}}