{"id":4844,"date":"2026-05-06T00:37:25","date_gmt":"2026-05-06T00:37:25","guid":{"rendered":"http:\/\/toquemonos.com\/index.php\/product\/marcus-dildos-lesbicos\/"},"modified":"2026-05-06T00:37:25","modified_gmt":"2026-05-06T00:37:25","slug":"marcus-dildos-lesbicos","status":"publish","type":"product","link":"https:\/\/toquemonos.com\/index.php\/product\/marcus-dildos-lesbicos\/","title":{"rendered":"MARCUS &#8211; Dildos l\u00e9sbicos"},"content":{"rendered":"<p><strong>Precio Sugerido: S\/ 150.00<\/strong><\/p>\n<p>Dildo strap-on para muslo con dise\u00f1o realista, textura venosa y cabeza definida, ideal para juegos fetiche y una estimulaci\u00f3n intensa.<\/p>\n<ul>\n<li>Material: PVC<\/li>\n<li>Largo: 17 cm<\/li>\n<li>Ancho: 4 cm<\/li>\n<li>Color: Piel<\/li>\n<li>Funciones: Strap-on para muslo, arn\u00e9s ajustable<\/li>\n<\/ul>\n","protected":false},"excerpt":{"rendered":"<p>Precio Sugerido: S\/ 150.00 Dildo strap-on para muslo con dise\u00f1o realista, textura venosa y cabeza definida, ideal para juegos fetiche y una estimulaci\u00f3n intensa. Material: PVC Largo: 17 cm Ancho: 4 cm Color: Piel Funciones: Strap-on para muslo, arn\u00e9s ajustable<\/p>\n","protected":false},"featured_media":5048,"comment_status":"open","ping_status":"closed","template":"","meta":[],"product_brand":[],"product_cat":[229,219],"product_tag":[],"class_list":{"0":"post-4844","1":"product","2":"type-product","3":"status-publish","4":"has-post-thumbnail","6":"product_cat-dildos","7":"product_cat-dildos-lesbicos","9":"first","10":"instock","11":"shipping-taxable","12":"purchasable","13":"product-type-simple"},"_links":{"self":[{"href":"https:\/\/toquemonos.com\/index.php\/wp-json\/wp\/v2\/product\/4844","targetHints":{"allow":["GET"]}}],"collection":[{"href":"https:\/\/toquemonos.com\/index.php\/wp-json\/wp\/v2\/product"}],"about":[{"href":"https:\/\/toquemonos.com\/index.php\/wp-json\/wp\/v2\/types\/product"}],"replies":[{"embeddable":true,"href":"https:\/\/toquemonos.com\/index.php\/wp-json\/wp\/v2\/comments?post=4844"}],"wp:featuredmedia":[{"embeddable":true,"href":"https:\/\/toquemonos.com\/index.php\/wp-json\/wp\/v2\/media\/5048"}],"wp:attachment":[{"href":"https:\/\/toquemonos.com\/index.php\/wp-json\/wp\/v2\/media?parent=4844"}],"wp:term":[{"taxonomy":"product_brand","embeddable":true,"href":"https:\/\/toquemonos.com\/index.php\/wp-json\/wp\/v2\/product_brand?post=4844"},{"taxonomy":"product_cat","embeddable":true,"href":"https:\/\/toquemonos.com\/index.php\/wp-json\/wp\/v2\/product_cat?post=4844"},{"taxonomy":"product_tag","embeddable":true,"href":"https:\/\/toquemonos.com\/index.php\/wp-json\/wp\/v2\/product_tag?post=4844"}],"curies":[{"name":"wp","href":"https:\/\/api.w.org\/{rel}","templated":true}]}}