{"id":4841,"date":"2026-05-06T00:37:24","date_gmt":"2026-05-06T00:37:24","guid":{"rendered":"http:\/\/toquemonos.com\/index.php\/product\/female-harness-ultra-dildos-lesbicos\/"},"modified":"2026-05-06T00:37:24","modified_gmt":"2026-05-06T00:37:24","slug":"female-harness-ultra-dildos-lesbicos","status":"publish","type":"product","link":"https:\/\/toquemonos.com\/index.php\/product\/female-harness-ultra-dildos-lesbicos\/","title":{"rendered":"FEMALE HARNESS ULTRA &#8211; Dildos l\u00e9sbicos"},"content":{"rendered":"<p><strong>Precio Sugerido: S\/ 130.00<\/strong><\/p>\n<p>Dildo doble strap-on realista fabricado en TPR, con dise\u00f1o flexible y textura venosa para una estimulaci\u00f3n intensa. Incluye arn\u00e9s el\u00e1stico ajustable con dildo interno integrado.<\/p>\n<ul>\n<li>Material: TPR<\/li>\n<li>Largo: 16.5 cm<\/li>\n<li>Ancho: 3.5 cm<\/li>\n<li>Color: Piel<\/li>\n<li>Funciones: Doble strap-on, flexible, arn\u00e9s ajustable<\/li>\n<\/ul>\n","protected":false},"excerpt":{"rendered":"<p>Precio Sugerido: S\/ 130.00 Dildo doble strap-on realista fabricado en TPR, con dise\u00f1o flexible y textura venosa para una estimulaci\u00f3n intensa. Incluye arn\u00e9s el\u00e1stico ajustable con dildo interno integrado. Material: TPR Largo: 16.5 cm Ancho: 3.5 cm Color: Piel Funciones: Doble strap-on, flexible, arn\u00e9s ajustable<\/p>\n","protected":false},"featured_media":5059,"comment_status":"open","ping_status":"closed","template":"","meta":[],"product_brand":[],"product_cat":[229,219],"product_tag":[],"class_list":{"0":"post-4841","1":"product","2":"type-product","3":"status-publish","4":"has-post-thumbnail","6":"product_cat-dildos","7":"product_cat-dildos-lesbicos","9":"first","10":"instock","11":"shipping-taxable","12":"purchasable","13":"product-type-simple"},"_links":{"self":[{"href":"https:\/\/toquemonos.com\/index.php\/wp-json\/wp\/v2\/product\/4841","targetHints":{"allow":["GET"]}}],"collection":[{"href":"https:\/\/toquemonos.com\/index.php\/wp-json\/wp\/v2\/product"}],"about":[{"href":"https:\/\/toquemonos.com\/index.php\/wp-json\/wp\/v2\/types\/product"}],"replies":[{"embeddable":true,"href":"https:\/\/toquemonos.com\/index.php\/wp-json\/wp\/v2\/comments?post=4841"}],"wp:featuredmedia":[{"embeddable":true,"href":"https:\/\/toquemonos.com\/index.php\/wp-json\/wp\/v2\/media\/5059"}],"wp:attachment":[{"href":"https:\/\/toquemonos.com\/index.php\/wp-json\/wp\/v2\/media?parent=4841"}],"wp:term":[{"taxonomy":"product_brand","embeddable":true,"href":"https:\/\/toquemonos.com\/index.php\/wp-json\/wp\/v2\/product_brand?post=4841"},{"taxonomy":"product_cat","embeddable":true,"href":"https:\/\/toquemonos.com\/index.php\/wp-json\/wp\/v2\/product_cat?post=4841"},{"taxonomy":"product_tag","embeddable":true,"href":"https:\/\/toquemonos.com\/index.php\/wp-json\/wp\/v2\/product_tag?post=4841"}],"curies":[{"name":"wp","href":"https:\/\/api.w.org\/{rel}","templated":true}]}}