{"id":4818,"date":"2026-05-06T00:37:19","date_gmt":"2026-05-06T00:37:19","guid":{"rendered":"http:\/\/toquemonos.com\/index.php\/product\/beautiful-catoblepas-brown-dildos-realisticos\/"},"modified":"2026-05-06T00:37:19","modified_gmt":"2026-05-06T00:37:19","slug":"beautiful-catoblepas-brown-dildos-realisticos","status":"publish","type":"product","link":"https:\/\/toquemonos.com\/index.php\/product\/beautiful-catoblepas-brown-dildos-realisticos\/","title":{"rendered":"BEAUTIFUL CATOBLEPAS BROWN &#8211; Dildos real\u00edsticos"},"content":{"rendered":"<p><strong>Precio Sugerido: S\/ 160.00<\/strong><\/p>\n<p>Dildo realista de gran tama\u00f1o con forma anat\u00f3mica, textura venosa, glande pronunciado y test\u00edculos suaves, con base de ventosa para uso manos libres.<\/p>\n<ul>\n<li>Material: TPR<\/li>\n<li>Largo: 20.6 cm<\/li>\n<li>Ancho: 4.4 cm<\/li>\n<li>Color: Trigue\u00f1o<\/li>\n<li>Funciones: Ventosa de succi\u00f3n<\/li>\n<\/ul>\n","protected":false},"excerpt":{"rendered":"<p>Precio Sugerido: S\/ 160.00 Dildo realista de gran tama\u00f1o con forma anat\u00f3mica, textura venosa, glande pronunciado y test\u00edculos suaves, con base de ventosa para uso manos libres. Material: TPR Largo: 20.6 cm Ancho: 4.4 cm Color: Trigue\u00f1o Funciones: Ventosa de succi\u00f3n<\/p>\n","protected":false},"featured_media":5085,"comment_status":"open","ping_status":"closed","template":"","meta":[],"product_brand":[],"product_cat":[229,209],"product_tag":[],"class_list":{"0":"post-4818","1":"product","2":"type-product","3":"status-publish","4":"has-post-thumbnail","6":"product_cat-dildos","7":"product_cat-dildos-realisticos","9":"first","10":"instock","11":"shipping-taxable","12":"purchasable","13":"product-type-simple"},"_links":{"self":[{"href":"https:\/\/toquemonos.com\/index.php\/wp-json\/wp\/v2\/product\/4818","targetHints":{"allow":["GET"]}}],"collection":[{"href":"https:\/\/toquemonos.com\/index.php\/wp-json\/wp\/v2\/product"}],"about":[{"href":"https:\/\/toquemonos.com\/index.php\/wp-json\/wp\/v2\/types\/product"}],"replies":[{"embeddable":true,"href":"https:\/\/toquemonos.com\/index.php\/wp-json\/wp\/v2\/comments?post=4818"}],"wp:featuredmedia":[{"embeddable":true,"href":"https:\/\/toquemonos.com\/index.php\/wp-json\/wp\/v2\/media\/5085"}],"wp:attachment":[{"href":"https:\/\/toquemonos.com\/index.php\/wp-json\/wp\/v2\/media?parent=4818"}],"wp:term":[{"taxonomy":"product_brand","embeddable":true,"href":"https:\/\/toquemonos.com\/index.php\/wp-json\/wp\/v2\/product_brand?post=4818"},{"taxonomy":"product_cat","embeddable":true,"href":"https:\/\/toquemonos.com\/index.php\/wp-json\/wp\/v2\/product_cat?post=4818"},{"taxonomy":"product_tag","embeddable":true,"href":"https:\/\/toquemonos.com\/index.php\/wp-json\/wp\/v2\/product_tag?post=4818"}],"curies":[{"name":"wp","href":"https:\/\/api.w.org\/{rel}","templated":true}]}}