{"id":4816,"date":"2026-05-06T00:37:19","date_gmt":"2026-05-06T00:37:19","guid":{"rendered":"http:\/\/toquemonos.com\/index.php\/product\/beautiful-bahamut-vibration-brown-realisticos\/"},"modified":"2026-05-06T00:37:19","modified_gmt":"2026-05-06T00:37:19","slug":"beautiful-bahamut-vibration-brown-realisticos","status":"publish","type":"product","link":"https:\/\/toquemonos.com\/index.php\/product\/beautiful-bahamut-vibration-brown-realisticos\/","title":{"rendered":"BEAUTIFUL BAHAMUT VIBRATION BROWN &#8211; Real\u00edsticos"},"content":{"rendered":"<p><strong>Precio Sugerido: S\/ 180.00<\/strong><\/p>\n<p>Dildo realista de gran tama\u00f1o con vibraci\u00f3n, textura venosa marcada y glande pronunciado. Incluye control remoto con cable y base con ventosa para uso manos libres.<\/p>\n<ul>\n<li>Material: TPR<\/li>\n<li>Largo: 21.8 cm<\/li>\n<li>Ancho: 4.6 cm<\/li>\n<li>Color: Trigue\u00f1o<\/li>\n<li>Funciones: Vibraci\u00f3n, ventosa de succi\u00f3n, control remoto<\/li>\n<\/ul>\n","protected":false},"excerpt":{"rendered":"<p>Precio Sugerido: S\/ 180.00 Dildo realista de gran tama\u00f1o con vibraci\u00f3n, textura venosa marcada y glande pronunciado. Incluye control remoto con cable y base con ventosa para uso manos libres. Material: TPR Largo: 21.8 cm Ancho: 4.6 cm Color: Trigue\u00f1o Funciones: Vibraci\u00f3n, ventosa de succi\u00f3n, control remoto<\/p>\n","protected":false},"featured_media":5083,"comment_status":"open","ping_status":"closed","template":"","meta":[],"product_brand":[],"product_cat":[198,186],"product_tag":[],"class_list":{"0":"post-4816","1":"product","2":"type-product","3":"status-publish","4":"has-post-thumbnail","6":"product_cat-realisticos","7":"product_cat-vibradores","9":"first","10":"instock","11":"shipping-taxable","12":"purchasable","13":"product-type-simple"},"_links":{"self":[{"href":"https:\/\/toquemonos.com\/index.php\/wp-json\/wp\/v2\/product\/4816","targetHints":{"allow":["GET"]}}],"collection":[{"href":"https:\/\/toquemonos.com\/index.php\/wp-json\/wp\/v2\/product"}],"about":[{"href":"https:\/\/toquemonos.com\/index.php\/wp-json\/wp\/v2\/types\/product"}],"replies":[{"embeddable":true,"href":"https:\/\/toquemonos.com\/index.php\/wp-json\/wp\/v2\/comments?post=4816"}],"wp:featuredmedia":[{"embeddable":true,"href":"https:\/\/toquemonos.com\/index.php\/wp-json\/wp\/v2\/media\/5083"}],"wp:attachment":[{"href":"https:\/\/toquemonos.com\/index.php\/wp-json\/wp\/v2\/media?parent=4816"}],"wp:term":[{"taxonomy":"product_brand","embeddable":true,"href":"https:\/\/toquemonos.com\/index.php\/wp-json\/wp\/v2\/product_brand?post=4816"},{"taxonomy":"product_cat","embeddable":true,"href":"https:\/\/toquemonos.com\/index.php\/wp-json\/wp\/v2\/product_cat?post=4816"},{"taxonomy":"product_tag","embeddable":true,"href":"https:\/\/toquemonos.com\/index.php\/wp-json\/wp\/v2\/product_tag?post=4816"}],"curies":[{"name":"wp","href":"https:\/\/api.w.org\/{rel}","templated":true}]}}