{"id":4806,"date":"2026-05-06T00:37:18","date_gmt":"2026-05-06T00:37:18","guid":{"rendered":"http:\/\/toquemonos.com\/index.php\/product\/beautiful-bergrisi-vibration-brown-realisticos\/"},"modified":"2026-05-06T00:37:18","modified_gmt":"2026-05-06T00:37:18","slug":"beautiful-bergrisi-vibration-brown-realisticos","status":"publish","type":"product","link":"https:\/\/toquemonos.com\/index.php\/product\/beautiful-bergrisi-vibration-brown-realisticos\/","title":{"rendered":"BEAUTIFUL BERGRISI VIBRATION BROWN &#8211; Real\u00edsticos"},"content":{"rendered":"<p><strong>Precio Sugerido: S\/ 180.00<\/strong><\/p>\n<p>Dildo realista de gran tama\u00f1o con vibraci\u00f3n, textura venosa marcada y glande pronunciado. Incluye control remoto con cable y base con ventosa para uso manos libres.<\/p>\n<ul>\n<li>Material: TPR<\/li>\n<li>Largo: 26 cm<\/li>\n<li>Ancho: 5.5 cm<\/li>\n<li>Color: Trigue\u00f1o<\/li>\n<li>Funciones: Vibraci\u00f3n, ventosa de succi\u00f3n, control remoto<\/li>\n<\/ul>\n","protected":false},"excerpt":{"rendered":"<p>Precio Sugerido: S\/ 180.00 Dildo realista de gran tama\u00f1o con vibraci\u00f3n, textura venosa marcada y glande pronunciado. Incluye control remoto con cable y base con ventosa para uso manos libres. Material: TPR Largo: 26 cm Ancho: 5.5 cm Color: Trigue\u00f1o Funciones: Vibraci\u00f3n, ventosa de succi\u00f3n, control remoto<\/p>\n","protected":false},"featured_media":5087,"comment_status":"open","ping_status":"closed","template":"","meta":[],"product_brand":[],"product_cat":[198,186],"product_tag":[],"class_list":{"0":"post-4806","1":"product","2":"type-product","3":"status-publish","4":"has-post-thumbnail","6":"product_cat-realisticos","7":"product_cat-vibradores","9":"first","10":"instock","11":"shipping-taxable","12":"purchasable","13":"product-type-simple"},"_links":{"self":[{"href":"https:\/\/toquemonos.com\/index.php\/wp-json\/wp\/v2\/product\/4806","targetHints":{"allow":["GET"]}}],"collection":[{"href":"https:\/\/toquemonos.com\/index.php\/wp-json\/wp\/v2\/product"}],"about":[{"href":"https:\/\/toquemonos.com\/index.php\/wp-json\/wp\/v2\/types\/product"}],"replies":[{"embeddable":true,"href":"https:\/\/toquemonos.com\/index.php\/wp-json\/wp\/v2\/comments?post=4806"}],"wp:featuredmedia":[{"embeddable":true,"href":"https:\/\/toquemonos.com\/index.php\/wp-json\/wp\/v2\/media\/5087"}],"wp:attachment":[{"href":"https:\/\/toquemonos.com\/index.php\/wp-json\/wp\/v2\/media?parent=4806"}],"wp:term":[{"taxonomy":"product_brand","embeddable":true,"href":"https:\/\/toquemonos.com\/index.php\/wp-json\/wp\/v2\/product_brand?post=4806"},{"taxonomy":"product_cat","embeddable":true,"href":"https:\/\/toquemonos.com\/index.php\/wp-json\/wp\/v2\/product_cat?post=4806"},{"taxonomy":"product_tag","embeddable":true,"href":"https:\/\/toquemonos.com\/index.php\/wp-json\/wp\/v2\/product_tag?post=4806"}],"curies":[{"name":"wp","href":"https:\/\/api.w.org\/{rel}","templated":true}]}}