{"id":4800,"date":"2026-05-06T00:37:17","date_gmt":"2026-05-06T00:37:17","guid":{"rendered":"http:\/\/toquemonos.com\/index.php\/product\/bodach-realisticos\/"},"modified":"2026-05-06T00:37:17","modified_gmt":"2026-05-06T00:37:17","slug":"bodach-realisticos","status":"publish","type":"product","link":"https:\/\/toquemonos.com\/index.php\/product\/bodach-realisticos\/","title":{"rendered":"BODACH &#8211; Real\u00edsticos"},"content":{"rendered":"<p><strong>Precio Sugerido: S\/ 240.00<\/strong><\/p>\n<p>Vibrador realista con funciones avanzadas de empuje y rotaci\u00f3n, dise\u00f1ado para una estimulaci\u00f3n intensa y control total. Incluye ventosa para uso manos libres y es recargable por USB.<\/p>\n<ul>\n<li>Material: Silicona y ABS<\/li>\n<li>Largo: 20 cm<\/li>\n<li>Ancho: 3.7 cm<\/li>\n<li>Color: Piel<\/li>\n<li>Funciones: Vibraci\u00f3n (7 modos), empuje (7 niveles), rotaci\u00f3n (7 funciones), ventosa, recargable USB<\/li>\n<\/ul>\n","protected":false},"excerpt":{"rendered":"<p>Precio Sugerido: S\/ 240.00 Vibrador realista con funciones avanzadas de empuje y rotaci\u00f3n, dise\u00f1ado para una estimulaci\u00f3n intensa y control total. Incluye ventosa para uso manos libres y es recargable por USB. Material: Silicona y ABS Largo: 20 cm Ancho: 3.7 cm Color: Piel Funciones: Vibraci\u00f3n (7 modos), empuje (7 niveles), rotaci\u00f3n (7 funciones), ventosa, [&hellip;]<\/p>\n","protected":false},"featured_media":5097,"comment_status":"open","ping_status":"closed","template":"","meta":[],"product_brand":[],"product_cat":[198,186],"product_tag":[],"class_list":{"0":"post-4800","1":"product","2":"type-product","3":"status-publish","4":"has-post-thumbnail","6":"product_cat-realisticos","7":"product_cat-vibradores","9":"first","10":"instock","11":"shipping-taxable","12":"purchasable","13":"product-type-simple"},"_links":{"self":[{"href":"https:\/\/toquemonos.com\/index.php\/wp-json\/wp\/v2\/product\/4800","targetHints":{"allow":["GET"]}}],"collection":[{"href":"https:\/\/toquemonos.com\/index.php\/wp-json\/wp\/v2\/product"}],"about":[{"href":"https:\/\/toquemonos.com\/index.php\/wp-json\/wp\/v2\/types\/product"}],"replies":[{"embeddable":true,"href":"https:\/\/toquemonos.com\/index.php\/wp-json\/wp\/v2\/comments?post=4800"}],"wp:featuredmedia":[{"embeddable":true,"href":"https:\/\/toquemonos.com\/index.php\/wp-json\/wp\/v2\/media\/5097"}],"wp:attachment":[{"href":"https:\/\/toquemonos.com\/index.php\/wp-json\/wp\/v2\/media?parent=4800"}],"wp:term":[{"taxonomy":"product_brand","embeddable":true,"href":"https:\/\/toquemonos.com\/index.php\/wp-json\/wp\/v2\/product_brand?post=4800"},{"taxonomy":"product_cat","embeddable":true,"href":"https:\/\/toquemonos.com\/index.php\/wp-json\/wp\/v2\/product_cat?post=4800"},{"taxonomy":"product_tag","embeddable":true,"href":"https:\/\/toquemonos.com\/index.php\/wp-json\/wp\/v2\/product_tag?post=4800"}],"curies":[{"name":"wp","href":"https:\/\/api.w.org\/{rel}","templated":true}]}}