{"id":4732,"date":"2026-05-06T00:37:08","date_gmt":"2026-05-06T00:37:08","guid":{"rendered":"http:\/\/toquemonos.com\/index.php\/product\/leviathan-vibrador-huevo\/"},"modified":"2026-05-06T00:37:08","modified_gmt":"2026-05-06T00:37:08","slug":"leviathan-vibrador-huevo","status":"publish","type":"product","link":"https:\/\/toquemonos.com\/index.php\/product\/leviathan-vibrador-huevo\/","title":{"rendered":"LEVIATHAN &#8211; Vibrador huevo"},"content":{"rendered":"<p><strong>Precio Sugerido: S\/ 300.00<\/strong><\/p>\n<p>LEVIATHAN<\/p>\n<ul>\n<li>12 modos de vibraci\u00f3n<\/li>\n<li>12 modos de vibraci\u00f3n con app<\/li>\n<li>Recargable magn\u00e9tico<\/li>\n<li>Material: silicona<\/li>\n<li>Medidas: 21.4 cm x 3.2 cm<\/li>\n<\/ul>\n","protected":false},"excerpt":{"rendered":"<p>Precio Sugerido: S\/ 300.00 LEVIATHAN 12 modos de vibraci\u00f3n 12 modos de vibraci\u00f3n con app Recargable magn\u00e9tico Material: silicona Medidas: 21.4 cm x 3.2 cm<\/p>\n","protected":false},"featured_media":5158,"comment_status":"open","ping_status":"closed","template":"","meta":[],"product_brand":[],"product_cat":[191,186],"product_tag":[],"class_list":{"0":"post-4732","1":"product","2":"type-product","3":"status-publish","4":"has-post-thumbnail","6":"product_cat-vibrador-huevo","7":"product_cat-vibradores","9":"first","10":"instock","11":"shipping-taxable","12":"purchasable","13":"product-type-simple"},"_links":{"self":[{"href":"https:\/\/toquemonos.com\/index.php\/wp-json\/wp\/v2\/product\/4732","targetHints":{"allow":["GET"]}}],"collection":[{"href":"https:\/\/toquemonos.com\/index.php\/wp-json\/wp\/v2\/product"}],"about":[{"href":"https:\/\/toquemonos.com\/index.php\/wp-json\/wp\/v2\/types\/product"}],"replies":[{"embeddable":true,"href":"https:\/\/toquemonos.com\/index.php\/wp-json\/wp\/v2\/comments?post=4732"}],"wp:featuredmedia":[{"embeddable":true,"href":"https:\/\/toquemonos.com\/index.php\/wp-json\/wp\/v2\/media\/5158"}],"wp:attachment":[{"href":"https:\/\/toquemonos.com\/index.php\/wp-json\/wp\/v2\/media?parent=4732"}],"wp:term":[{"taxonomy":"product_brand","embeddable":true,"href":"https:\/\/toquemonos.com\/index.php\/wp-json\/wp\/v2\/product_brand?post=4732"},{"taxonomy":"product_cat","embeddable":true,"href":"https:\/\/toquemonos.com\/index.php\/wp-json\/wp\/v2\/product_cat?post=4732"},{"taxonomy":"product_tag","embeddable":true,"href":"https:\/\/toquemonos.com\/index.php\/wp-json\/wp\/v2\/product_tag?post=4732"}],"curies":[{"name":"wp","href":"https:\/\/api.w.org\/{rel}","templated":true}]}}