{"id":4722,"date":"2026-05-06T00:37:06","date_gmt":"2026-05-06T00:37:06","guid":{"rendered":"http:\/\/toquemonos.com\/index.php\/product\/shey-vibrador-u-pareja\/"},"modified":"2026-05-06T00:37:06","modified_gmt":"2026-05-06T00:37:06","slug":"shey-vibrador-u-pareja","status":"publish","type":"product","link":"https:\/\/toquemonos.com\/index.php\/product\/shey-vibrador-u-pareja\/","title":{"rendered":"SHEY &#8211; Vibrador U pareja"},"content":{"rendered":"<p><strong>Precio Sugerido: S\/ 320.00<\/strong><\/p>\n<p>AARI<\/p>\n<ul>\n<li>10 modos de vibraci\u00f3n<\/li>\n<li>10 modos de vibraci\u00f3n con APP<\/li>\n<li>Recargable magn\u00e9tico<\/li>\n<li>Material: silicona<\/li>\n<li>Medidas: 9.1 cm x 5.6 cm<\/li>\n<\/ul>\n","protected":false},"excerpt":{"rendered":"<p>Precio Sugerido: S\/ 320.00 AARI 10 modos de vibraci\u00f3n 10 modos de vibraci\u00f3n con APP Recargable magn\u00e9tico Material: silicona Medidas: 9.1 cm x 5.6 cm<\/p>\n","protected":false},"featured_media":5173,"comment_status":"open","ping_status":"closed","template":"","meta":[],"product_brand":[],"product_cat":[214,186],"product_tag":[],"class_list":{"0":"post-4722","1":"product","2":"type-product","3":"status-publish","4":"has-post-thumbnail","6":"product_cat-vibrador-u-pareja","7":"product_cat-vibradores","9":"first","10":"instock","11":"shipping-taxable","12":"purchasable","13":"product-type-simple"},"_links":{"self":[{"href":"https:\/\/toquemonos.com\/index.php\/wp-json\/wp\/v2\/product\/4722","targetHints":{"allow":["GET"]}}],"collection":[{"href":"https:\/\/toquemonos.com\/index.php\/wp-json\/wp\/v2\/product"}],"about":[{"href":"https:\/\/toquemonos.com\/index.php\/wp-json\/wp\/v2\/types\/product"}],"replies":[{"embeddable":true,"href":"https:\/\/toquemonos.com\/index.php\/wp-json\/wp\/v2\/comments?post=4722"}],"wp:featuredmedia":[{"embeddable":true,"href":"https:\/\/toquemonos.com\/index.php\/wp-json\/wp\/v2\/media\/5173"}],"wp:attachment":[{"href":"https:\/\/toquemonos.com\/index.php\/wp-json\/wp\/v2\/media?parent=4722"}],"wp:term":[{"taxonomy":"product_brand","embeddable":true,"href":"https:\/\/toquemonos.com\/index.php\/wp-json\/wp\/v2\/product_brand?post=4722"},{"taxonomy":"product_cat","embeddable":true,"href":"https:\/\/toquemonos.com\/index.php\/wp-json\/wp\/v2\/product_cat?post=4722"},{"taxonomy":"product_tag","embeddable":true,"href":"https:\/\/toquemonos.com\/index.php\/wp-json\/wp\/v2\/product_tag?post=4722"}],"curies":[{"name":"wp","href":"https:\/\/api.w.org\/{rel}","templated":true}]}}