{"id":4702,"date":"2026-05-06T00:37:01","date_gmt":"2026-05-06T00:37:01","guid":{"rendered":"http:\/\/toquemonos.com\/index.php\/product\/delphini-honey-finger-blue-vibrador-para-dedo\/"},"modified":"2026-05-06T00:37:01","modified_gmt":"2026-05-06T00:37:01","slug":"delphini-honey-finger-blue-vibrador-para-dedo","status":"publish","type":"product","link":"https:\/\/toquemonos.com\/index.php\/product\/delphini-honey-finger-blue-vibrador-para-dedo\/","title":{"rendered":"Delphini Honey Finger Blue &#8211; Vibrador para dedo"},"content":{"rendered":"<p><strong>Precio sugerido: S\/ 130<\/strong><\/p>\n<p>Delphini Honey Finger Blue<\/p>\n<ul>\n<li><strong>Funcionamiento:<\/strong> Vibrador de dedo que se coloca sobre el dedo para aumentar la estimulaci\u00f3n; punta texturizada y en \u00e1ngulo para uso externo e interno.<\/li>\n<li><strong>Funciones:<\/strong> 10 funciones de vibraci\u00f3n con diferentes intensidades y patrones para personalizar el placer.<\/li>\n<li><strong>Material:<\/strong> Silicona suave y segura para el cuerpo<\/li>\n<li><strong>Alimentaci\u00f3n:<\/strong> Recargable por USB<\/li>\n<\/ul>\n","protected":false},"excerpt":{"rendered":"<p>Precio sugerido: S\/ 130 Delphini Honey Finger Blue Funcionamiento: Vibrador de dedo que se coloca sobre el dedo para aumentar la estimulaci\u00f3n; punta texturizada y en \u00e1ngulo para uso externo e interno. Funciones: 10 funciones de vibraci\u00f3n con diferentes intensidades y patrones para personalizar el placer. Material: Silicona suave y segura para el cuerpo Alimentaci\u00f3n: [&hellip;]<\/p>\n","protected":false},"featured_media":5193,"comment_status":"open","ping_status":"closed","template":"","meta":[],"product_brand":[],"product_cat":[216,186],"product_tag":[],"class_list":{"0":"post-4702","1":"product","2":"type-product","3":"status-publish","4":"has-post-thumbnail","6":"product_cat-vibrador-para-dedo","7":"product_cat-vibradores","9":"first","10":"instock","11":"shipping-taxable","12":"purchasable","13":"product-type-simple"},"_links":{"self":[{"href":"https:\/\/toquemonos.com\/index.php\/wp-json\/wp\/v2\/product\/4702","targetHints":{"allow":["GET"]}}],"collection":[{"href":"https:\/\/toquemonos.com\/index.php\/wp-json\/wp\/v2\/product"}],"about":[{"href":"https:\/\/toquemonos.com\/index.php\/wp-json\/wp\/v2\/types\/product"}],"replies":[{"embeddable":true,"href":"https:\/\/toquemonos.com\/index.php\/wp-json\/wp\/v2\/comments?post=4702"}],"wp:featuredmedia":[{"embeddable":true,"href":"https:\/\/toquemonos.com\/index.php\/wp-json\/wp\/v2\/media\/5193"}],"wp:attachment":[{"href":"https:\/\/toquemonos.com\/index.php\/wp-json\/wp\/v2\/media?parent=4702"}],"wp:term":[{"taxonomy":"product_brand","embeddable":true,"href":"https:\/\/toquemonos.com\/index.php\/wp-json\/wp\/v2\/product_brand?post=4702"},{"taxonomy":"product_cat","embeddable":true,"href":"https:\/\/toquemonos.com\/index.php\/wp-json\/wp\/v2\/product_cat?post=4702"},{"taxonomy":"product_tag","embeddable":true,"href":"https:\/\/toquemonos.com\/index.php\/wp-json\/wp\/v2\/product_tag?post=4702"}],"curies":[{"name":"wp","href":"https:\/\/api.w.org\/{rel}","templated":true}]}}