{"id":4700,"date":"2026-05-06T00:37:00","date_gmt":"2026-05-06T00:37:00","guid":{"rendered":"http:\/\/toquemonos.com\/index.php\/product\/vibrant-penis-ring-anillos\/"},"modified":"2026-05-06T00:37:00","modified_gmt":"2026-05-06T00:37:00","slug":"vibrant-penis-ring-anillos","status":"publish","type":"product","link":"https:\/\/toquemonos.com\/index.php\/product\/vibrant-penis-ring-anillos\/","title":{"rendered":"VIBRANT PENIS RING &#8211; Anillos"},"content":{"rendered":"<p><strong>Precio sugerido: S\/ 180<\/strong><\/p>\n<p>VIBRANT PENIS RING<\/p>\n<ul>\n<li><strong>Funcionamiento:<\/strong> Anillo de silicona el\u00e1stico que se ajusta a todos los tama\u00f1os, con sensor sensible a la piel; estimula a ambos, ayuda a mantener erecci\u00f3n firme y retrasa la eyaculaci\u00f3n.<\/li>\n<li><strong>Funciones:<\/strong> 10 funciones de vibraci\u00f3n, funci\u00f3n de memoria, adecuado para juego en pareja o en solitario, f\u00e1cil de controlar.<\/li>\n<li><strong>Material:<\/strong> Silicona suave y segura para el cuerpo<\/li>\n<li><strong>Alimentaci\u00f3n:<\/strong> Recargable por USB<\/li>\n<\/ul>\n","protected":false},"excerpt":{"rendered":"<p>Precio sugerido: S\/ 180 VIBRANT PENIS RING Funcionamiento: Anillo de silicona el\u00e1stico que se ajusta a todos los tama\u00f1os, con sensor sensible a la piel; estimula a ambos, ayuda a mantener erecci\u00f3n firme y retrasa la eyaculaci\u00f3n. Funciones: 10 funciones de vibraci\u00f3n, funci\u00f3n de memoria, adecuado para juego en pareja o en solitario, f\u00e1cil de [&hellip;]<\/p>\n","protected":false},"featured_media":5201,"comment_status":"open","ping_status":"closed","template":"","meta":[],"product_brand":[],"product_cat":[207],"product_tag":[],"class_list":{"0":"post-4700","1":"product","2":"type-product","3":"status-publish","4":"has-post-thumbnail","6":"product_cat-anillos","8":"first","9":"instock","10":"shipping-taxable","11":"purchasable","12":"product-type-simple"},"_links":{"self":[{"href":"https:\/\/toquemonos.com\/index.php\/wp-json\/wp\/v2\/product\/4700","targetHints":{"allow":["GET"]}}],"collection":[{"href":"https:\/\/toquemonos.com\/index.php\/wp-json\/wp\/v2\/product"}],"about":[{"href":"https:\/\/toquemonos.com\/index.php\/wp-json\/wp\/v2\/types\/product"}],"replies":[{"embeddable":true,"href":"https:\/\/toquemonos.com\/index.php\/wp-json\/wp\/v2\/comments?post=4700"}],"wp:featuredmedia":[{"embeddable":true,"href":"https:\/\/toquemonos.com\/index.php\/wp-json\/wp\/v2\/media\/5201"}],"wp:attachment":[{"href":"https:\/\/toquemonos.com\/index.php\/wp-json\/wp\/v2\/media?parent=4700"}],"wp:term":[{"taxonomy":"product_brand","embeddable":true,"href":"https:\/\/toquemonos.com\/index.php\/wp-json\/wp\/v2\/product_brand?post=4700"},{"taxonomy":"product_cat","embeddable":true,"href":"https:\/\/toquemonos.com\/index.php\/wp-json\/wp\/v2\/product_cat?post=4700"},{"taxonomy":"product_tag","embeddable":true,"href":"https:\/\/toquemonos.com\/index.php\/wp-json\/wp\/v2\/product_tag?post=4700"}],"curies":[{"name":"wp","href":"https:\/\/api.w.org\/{rel}","templated":true}]}}