{"id":4698,"date":"2026-05-06T00:37:00","date_gmt":"2026-05-06T00:37:00","guid":{"rendered":"http:\/\/toquemonos.com\/index.php\/product\/hercules-penis-sheath-iii-vibradores-anales\/"},"modified":"2026-05-06T00:37:00","modified_gmt":"2026-05-06T00:37:00","slug":"hercules-penis-sheath-iii-vibradores-anales","status":"publish","type":"product","link":"https:\/\/toquemonos.com\/index.php\/product\/hercules-penis-sheath-iii-vibradores-anales\/","title":{"rendered":"HERCULES PENIS SHEATH III &#8211; Vibradores anales"},"content":{"rendered":"<p><strong>Precio sugerido: S\/ 150<\/strong><\/p>\n<p>HERCULES PENIS SHEATH III<\/p>\n<ul>\n<li><strong>Funcionamiento:<\/strong> Anillo para pene que mantiene erecci\u00f3n firme y prolongada, retrasando la eyaculaci\u00f3n; incluye plataforma vibradora para mayor estimulaci\u00f3n durante el sexo.<\/li>\n<li><strong>Funciones:<\/strong> 10 funciones de vibraci\u00f3n con diferentes pulsos y velocidades para experimentar y alcanzar orgasmos intensos.<\/li>\n<li><strong>Material:<\/strong> Silicona suave y segura para el cuerpo<\/li>\n<li><strong>Alimentaci\u00f3n:<\/strong> 1 bater\u00eda AAA<\/li>\n<\/ul>\n","protected":false},"excerpt":{"rendered":"<p>Precio sugerido: S\/ 150 HERCULES PENIS SHEATH III Funcionamiento: Anillo para pene que mantiene erecci\u00f3n firme y prolongada, retrasando la eyaculaci\u00f3n; incluye plataforma vibradora para mayor estimulaci\u00f3n durante el sexo. Funciones: 10 funciones de vibraci\u00f3n con diferentes pulsos y velocidades para experimentar y alcanzar orgasmos intensos. Material: Silicona suave y segura para el cuerpo Alimentaci\u00f3n: [&hellip;]<\/p>\n","protected":false},"featured_media":5199,"comment_status":"open","ping_status":"closed","template":"","meta":[],"product_brand":[],"product_cat":[228,197],"product_tag":[],"class_list":{"0":"post-4698","1":"product","2":"type-product","3":"status-publish","4":"has-post-thumbnail","6":"product_cat-anales","7":"product_cat-vibradores-anales","9":"first","10":"instock","11":"shipping-taxable","12":"purchasable","13":"product-type-simple"},"_links":{"self":[{"href":"https:\/\/toquemonos.com\/index.php\/wp-json\/wp\/v2\/product\/4698","targetHints":{"allow":["GET"]}}],"collection":[{"href":"https:\/\/toquemonos.com\/index.php\/wp-json\/wp\/v2\/product"}],"about":[{"href":"https:\/\/toquemonos.com\/index.php\/wp-json\/wp\/v2\/types\/product"}],"replies":[{"embeddable":true,"href":"https:\/\/toquemonos.com\/index.php\/wp-json\/wp\/v2\/comments?post=4698"}],"wp:featuredmedia":[{"embeddable":true,"href":"https:\/\/toquemonos.com\/index.php\/wp-json\/wp\/v2\/media\/5199"}],"wp:attachment":[{"href":"https:\/\/toquemonos.com\/index.php\/wp-json\/wp\/v2\/media?parent=4698"}],"wp:term":[{"taxonomy":"product_brand","embeddable":true,"href":"https:\/\/toquemonos.com\/index.php\/wp-json\/wp\/v2\/product_brand?post=4698"},{"taxonomy":"product_cat","embeddable":true,"href":"https:\/\/toquemonos.com\/index.php\/wp-json\/wp\/v2\/product_cat?post=4698"},{"taxonomy":"product_tag","embeddable":true,"href":"https:\/\/toquemonos.com\/index.php\/wp-json\/wp\/v2\/product_tag?post=4698"}],"curies":[{"name":"wp","href":"https:\/\/api.w.org\/{rel}","templated":true}]}}