{"id":4697,"date":"2026-05-06T00:37:00","date_gmt":"2026-05-06T00:37:00","guid":{"rendered":"http:\/\/toquemonos.com\/index.php\/product\/butt-plug-bullet-vibradores-anales\/"},"modified":"2026-05-06T00:37:00","modified_gmt":"2026-05-06T00:37:00","slug":"butt-plug-bullet-vibradores-anales","status":"publish","type":"product","link":"https:\/\/toquemonos.com\/index.php\/product\/butt-plug-bullet-vibradores-anales\/","title":{"rendered":"BUTT PLUG BULLET &#8211; Vibradores anales"},"content":{"rendered":"<p><strong>Precio sugerido: S\/ 140<\/strong><\/p>\n<p>BUTT PLUG BULLET<\/p>\n<ul>\n<li><strong>Funcionamiento:<\/strong> Plug anal con punta bulbosa y dise\u00f1o recortado para inserci\u00f3n suave; ideal para llevar el placer anal al siguiente nivel.<\/li>\n<li><strong>Funciones:<\/strong> 10 funciones de vibraci\u00f3n controladas por el bullet, dise\u00f1adas para estimular y llevar al orgasmo.<\/li>\n<li><strong>Material:<\/strong> Silicona suave y segura para el cuerpo<\/li>\n<li><strong>Alimentaci\u00f3n:<\/strong> 1 bater\u00eda AAA<\/li>\n<\/ul>\n","protected":false},"excerpt":{"rendered":"<p>Precio sugerido: S\/ 140 BUTT PLUG BULLET Funcionamiento: Plug anal con punta bulbosa y dise\u00f1o recortado para inserci\u00f3n suave; ideal para llevar el placer anal al siguiente nivel. Funciones: 10 funciones de vibraci\u00f3n controladas por el bullet, dise\u00f1adas para estimular y llevar al orgasmo. Material: Silicona suave y segura para el cuerpo Alimentaci\u00f3n: 1 bater\u00eda [&hellip;]<\/p>\n","protected":false},"featured_media":5198,"comment_status":"open","ping_status":"closed","template":"","meta":[],"product_brand":[],"product_cat":[228,197],"product_tag":[],"class_list":{"0":"post-4697","1":"product","2":"type-product","3":"status-publish","4":"has-post-thumbnail","6":"product_cat-anales","7":"product_cat-vibradores-anales","9":"first","10":"instock","11":"shipping-taxable","12":"purchasable","13":"product-type-simple"},"_links":{"self":[{"href":"https:\/\/toquemonos.com\/index.php\/wp-json\/wp\/v2\/product\/4697","targetHints":{"allow":["GET"]}}],"collection":[{"href":"https:\/\/toquemonos.com\/index.php\/wp-json\/wp\/v2\/product"}],"about":[{"href":"https:\/\/toquemonos.com\/index.php\/wp-json\/wp\/v2\/types\/product"}],"replies":[{"embeddable":true,"href":"https:\/\/toquemonos.com\/index.php\/wp-json\/wp\/v2\/comments?post=4697"}],"wp:featuredmedia":[{"embeddable":true,"href":"https:\/\/toquemonos.com\/index.php\/wp-json\/wp\/v2\/media\/5198"}],"wp:attachment":[{"href":"https:\/\/toquemonos.com\/index.php\/wp-json\/wp\/v2\/media?parent=4697"}],"wp:term":[{"taxonomy":"product_brand","embeddable":true,"href":"https:\/\/toquemonos.com\/index.php\/wp-json\/wp\/v2\/product_brand?post=4697"},{"taxonomy":"product_cat","embeddable":true,"href":"https:\/\/toquemonos.com\/index.php\/wp-json\/wp\/v2\/product_cat?post=4697"},{"taxonomy":"product_tag","embeddable":true,"href":"https:\/\/toquemonos.com\/index.php\/wp-json\/wp\/v2\/product_tag?post=4697"}],"curies":[{"name":"wp","href":"https:\/\/api.w.org\/{rel}","templated":true}]}}