{"id":4696,"date":"2026-05-06T00:37:00","date_gmt":"2026-05-06T00:37:00","guid":{"rendered":"http:\/\/toquemonos.com\/index.php\/product\/penis-sleeve-estimulador-de-prostata-2\/"},"modified":"2026-05-06T00:37:00","modified_gmt":"2026-05-06T00:37:00","slug":"penis-sleeve-estimulador-de-prostata-2","status":"publish","type":"product","link":"https:\/\/toquemonos.com\/index.php\/product\/penis-sleeve-estimulador-de-prostata-2\/","title":{"rendered":"PENIS SLEEVE &#8211; Estimulador de pr\u00f3stata"},"content":{"rendered":"<p><strong>Precio sugerido: S\/ 150<\/strong><\/p>\n<p>PENIS SLEEVE<\/p>\n<ul>\n<li><strong>Funcionamiento:<\/strong> Combina anillo para pene y plug anal con punta redondeada de f\u00e1cil inserci\u00f3n; ayuda a mantener erecci\u00f3n firme y prolongada mientras proporciona estimulaci\u00f3n interna intensa.<\/li>\n<li><strong>Funciones:<\/strong> 10 funciones de vibraci\u00f3n, dise\u00f1o de 3 niveles que aumenta la estimulaci\u00f3n con cada uso, resistente al agua para mayor versatilidad en el juego.<\/li>\n<li><strong>Material:<\/strong> Silicona suave y segura para el cuerpo<\/li>\n<li><strong>Alimentaci\u00f3n:<\/strong> 1 bater\u00eda AAA<\/li>\n<\/ul>\n","protected":false},"excerpt":{"rendered":"<p>Precio sugerido: S\/ 150 PENIS SLEEVE Funcionamiento: Combina anillo para pene y plug anal con punta redondeada de f\u00e1cil inserci\u00f3n; ayuda a mantener erecci\u00f3n firme y prolongada mientras proporciona estimulaci\u00f3n interna intensa. Funciones: 10 funciones de vibraci\u00f3n, dise\u00f1o de 3 niveles que aumenta la estimulaci\u00f3n con cada uso, resistente al agua para mayor versatilidad en [&hellip;]<\/p>\n","protected":false},"featured_media":5197,"comment_status":"open","ping_status":"closed","template":"","meta":[],"product_brand":[],"product_cat":[220],"product_tag":[],"class_list":{"0":"post-4696","1":"product","2":"type-product","3":"status-publish","4":"has-post-thumbnail","6":"product_cat-estimulador-de-prostata","8":"first","9":"instock","10":"shipping-taxable","11":"purchasable","12":"product-type-simple"},"_links":{"self":[{"href":"https:\/\/toquemonos.com\/index.php\/wp-json\/wp\/v2\/product\/4696","targetHints":{"allow":["GET"]}}],"collection":[{"href":"https:\/\/toquemonos.com\/index.php\/wp-json\/wp\/v2\/product"}],"about":[{"href":"https:\/\/toquemonos.com\/index.php\/wp-json\/wp\/v2\/types\/product"}],"replies":[{"embeddable":true,"href":"https:\/\/toquemonos.com\/index.php\/wp-json\/wp\/v2\/comments?post=4696"}],"wp:featuredmedia":[{"embeddable":true,"href":"https:\/\/toquemonos.com\/index.php\/wp-json\/wp\/v2\/media\/5197"}],"wp:attachment":[{"href":"https:\/\/toquemonos.com\/index.php\/wp-json\/wp\/v2\/media?parent=4696"}],"wp:term":[{"taxonomy":"product_brand","embeddable":true,"href":"https:\/\/toquemonos.com\/index.php\/wp-json\/wp\/v2\/product_brand?post=4696"},{"taxonomy":"product_cat","embeddable":true,"href":"https:\/\/toquemonos.com\/index.php\/wp-json\/wp\/v2\/product_cat?post=4696"},{"taxonomy":"product_tag","embeddable":true,"href":"https:\/\/toquemonos.com\/index.php\/wp-json\/wp\/v2\/product_tag?post=4696"}],"curies":[{"name":"wp","href":"https:\/\/api.w.org\/{rel}","templated":true}]}}