{"id":4695,"date":"2026-05-06T00:36:59","date_gmt":"2026-05-06T00:36:59","guid":{"rendered":"http:\/\/toquemonos.com\/index.php\/product\/penis-sleeve-estimulador-de-prostata\/"},"modified":"2026-05-06T00:36:59","modified_gmt":"2026-05-06T00:36:59","slug":"penis-sleeve-estimulador-de-prostata","status":"publish","type":"product","link":"https:\/\/toquemonos.com\/index.php\/product\/penis-sleeve-estimulador-de-prostata\/","title":{"rendered":"PENIS SLEEVE &#8211; Estimulador de pr\u00f3stata"},"content":{"rendered":"<p><strong>Precio sugerido: S\/ 150<\/strong><\/p>\n<p>PENIS SLEEVE<\/p>\n<ul>\n<li><strong>Funcionamiento:<\/strong> Manga de silicona que combina anillo para pene y test\u00edculos, con peso oscilante que proporciona estimulaci\u00f3n r\u00edtmica tanto para \u00e9l como para ella durante la penetraci\u00f3n.<\/li>\n<li><strong>Funciones:<\/strong> 10 funciones de vibraci\u00f3n, incluye estimulador de cl\u00edtoris integrado, dise\u00f1o resistente al agua para uso en ducha, ba\u00f1era o spa.<\/li>\n<li><strong>Material:<\/strong> Silicona suave y segura para el cuerpo<\/li>\n<li><strong>Alimentaci\u00f3n:<\/strong> 1 bater\u00eda AAA<\/li>\n<\/ul>\n","protected":false},"excerpt":{"rendered":"<p>Precio sugerido: S\/ 150 PENIS SLEEVE Funcionamiento: Manga de silicona que combina anillo para pene y test\u00edculos, con peso oscilante que proporciona estimulaci\u00f3n r\u00edtmica tanto para \u00e9l como para ella durante la penetraci\u00f3n. Funciones: 10 funciones de vibraci\u00f3n, incluye estimulador de cl\u00edtoris integrado, dise\u00f1o resistente al agua para uso en ducha, ba\u00f1era o spa. Material: [&hellip;]<\/p>\n","protected":false},"featured_media":5204,"comment_status":"open","ping_status":"closed","template":"","meta":[],"product_brand":[],"product_cat":[220],"product_tag":[],"class_list":{"0":"post-4695","1":"product","2":"type-product","3":"status-publish","4":"has-post-thumbnail","6":"product_cat-estimulador-de-prostata","8":"first","9":"instock","10":"shipping-taxable","11":"purchasable","12":"product-type-simple"},"_links":{"self":[{"href":"https:\/\/toquemonos.com\/index.php\/wp-json\/wp\/v2\/product\/4695","targetHints":{"allow":["GET"]}}],"collection":[{"href":"https:\/\/toquemonos.com\/index.php\/wp-json\/wp\/v2\/product"}],"about":[{"href":"https:\/\/toquemonos.com\/index.php\/wp-json\/wp\/v2\/types\/product"}],"replies":[{"embeddable":true,"href":"https:\/\/toquemonos.com\/index.php\/wp-json\/wp\/v2\/comments?post=4695"}],"wp:featuredmedia":[{"embeddable":true,"href":"https:\/\/toquemonos.com\/index.php\/wp-json\/wp\/v2\/media\/5204"}],"wp:attachment":[{"href":"https:\/\/toquemonos.com\/index.php\/wp-json\/wp\/v2\/media?parent=4695"}],"wp:term":[{"taxonomy":"product_brand","embeddable":true,"href":"https:\/\/toquemonos.com\/index.php\/wp-json\/wp\/v2\/product_brand?post=4695"},{"taxonomy":"product_cat","embeddable":true,"href":"https:\/\/toquemonos.com\/index.php\/wp-json\/wp\/v2\/product_cat?post=4695"},{"taxonomy":"product_tag","embeddable":true,"href":"https:\/\/toquemonos.com\/index.php\/wp-json\/wp\/v2\/product_tag?post=4695"}],"curies":[{"name":"wp","href":"https:\/\/api.w.org\/{rel}","templated":true}]}}