{"id":4692,"date":"2026-05-06T00:36:58","date_gmt":"2026-05-06T00:36:58","guid":{"rendered":"http:\/\/toquemonos.com\/index.php\/product\/master-ring-heloise-anillos\/"},"modified":"2026-05-06T00:36:58","modified_gmt":"2026-05-06T00:36:58","slug":"master-ring-heloise-anillos","status":"publish","type":"product","link":"https:\/\/toquemonos.com\/index.php\/product\/master-ring-heloise-anillos\/","title":{"rendered":"MASTER RING HELOISE &#8211; Anillos"},"content":{"rendered":"<p><strong>Precio sugerido: S\/ 180<\/strong><\/p>\n<p>MASTER RING HELOISE<\/p>\n<ul>\n<li><strong>Funcionamiento:<\/strong> Anillo ajustable de silicona que se coloca en la base del pene para fortalecer la erecci\u00f3n y prolongar el placer, con brazo vibrador orientable para estimular cl\u00edtoris, perineo o test\u00edculos.<\/li>\n<li><strong>Funciones:<\/strong> 7 funciones de vibraci\u00f3n, funci\u00f3n de memoria para retener la \u00faltima configuraci\u00f3n, dise\u00f1o resistente al agua para uso en ducha o ba\u00f1o.<\/li>\n<li><strong>Material:<\/strong> Silicona suave y segura para el cuerpo<\/li>\n<li><strong>Alimentaci\u00f3n:<\/strong> Recargable por USB<\/li>\n<\/ul>\n","protected":false},"excerpt":{"rendered":"<p>Precio sugerido: S\/ 180 MASTER RING HELOISE Funcionamiento: Anillo ajustable de silicona que se coloca en la base del pene para fortalecer la erecci\u00f3n y prolongar el placer, con brazo vibrador orientable para estimular cl\u00edtoris, perineo o test\u00edculos. Funciones: 7 funciones de vibraci\u00f3n, funci\u00f3n de memoria para retener la \u00faltima configuraci\u00f3n, dise\u00f1o resistente al agua [&hellip;]<\/p>\n","protected":false},"featured_media":5206,"comment_status":"open","ping_status":"closed","template":"","meta":[],"product_brand":[],"product_cat":[207],"product_tag":[],"class_list":{"0":"post-4692","1":"product","2":"type-product","3":"status-publish","4":"has-post-thumbnail","6":"product_cat-anillos","8":"first","9":"instock","10":"shipping-taxable","11":"purchasable","12":"product-type-simple"},"_links":{"self":[{"href":"https:\/\/toquemonos.com\/index.php\/wp-json\/wp\/v2\/product\/4692","targetHints":{"allow":["GET"]}}],"collection":[{"href":"https:\/\/toquemonos.com\/index.php\/wp-json\/wp\/v2\/product"}],"about":[{"href":"https:\/\/toquemonos.com\/index.php\/wp-json\/wp\/v2\/types\/product"}],"replies":[{"embeddable":true,"href":"https:\/\/toquemonos.com\/index.php\/wp-json\/wp\/v2\/comments?post=4692"}],"wp:featuredmedia":[{"embeddable":true,"href":"https:\/\/toquemonos.com\/index.php\/wp-json\/wp\/v2\/media\/5206"}],"wp:attachment":[{"href":"https:\/\/toquemonos.com\/index.php\/wp-json\/wp\/v2\/media?parent=4692"}],"wp:term":[{"taxonomy":"product_brand","embeddable":true,"href":"https:\/\/toquemonos.com\/index.php\/wp-json\/wp\/v2\/product_brand?post=4692"},{"taxonomy":"product_cat","embeddable":true,"href":"https:\/\/toquemonos.com\/index.php\/wp-json\/wp\/v2\/product_cat?post=4692"},{"taxonomy":"product_tag","embeddable":true,"href":"https:\/\/toquemonos.com\/index.php\/wp-json\/wp\/v2\/product_tag?post=4692"}],"curies":[{"name":"wp","href":"https:\/\/api.w.org\/{rel}","templated":true}]}}