{"id":4691,"date":"2026-05-06T00:36:58","date_gmt":"2026-05-06T00:36:58","guid":{"rendered":"http:\/\/toquemonos.com\/index.php\/product\/elsa-masturbadores\/"},"modified":"2026-05-06T00:36:58","modified_gmt":"2026-05-06T00:36:58","slug":"elsa-masturbadores","status":"publish","type":"product","link":"https:\/\/toquemonos.com\/index.php\/product\/elsa-masturbadores\/","title":{"rendered":"ELSA &#8211; Masturbadores"},"content":{"rendered":"<p><strong>Precio sugerido: S\/ 50<\/strong><\/p>\n<p>ELSA<\/p>\n<ul>\n<li><strong>Funcionamiento:<\/strong> Vibrador que se coloca en los dientes para aumentar la estimulaci\u00f3n durante el sexo oral, proporcionando sensaciones intensas y novedosas.<\/li>\n<li><strong>Funciones:<\/strong> Vibraci\u00f3n continua para intensificar la experiencia oral.<\/li>\n<li><strong>Material:<\/strong> Silicona suave y segura para el cuerpo<\/li>\n<li><strong>Alimentaci\u00f3n:<\/strong> 3 bater\u00edas LR41<\/li>\n<\/ul>\n","protected":false},"excerpt":{"rendered":"<p>Precio sugerido: S\/ 50 ELSA Funcionamiento: Vibrador que se coloca en los dientes para aumentar la estimulaci\u00f3n durante el sexo oral, proporcionando sensaciones intensas y novedosas. Funciones: Vibraci\u00f3n continua para intensificar la experiencia oral. Material: Silicona suave y segura para el cuerpo Alimentaci\u00f3n: 3 bater\u00edas LR41<\/p>\n","protected":false},"featured_media":5205,"comment_status":"open","ping_status":"closed","template":"","meta":[],"product_brand":[],"product_cat":[201],"product_tag":[],"class_list":{"0":"post-4691","1":"product","2":"type-product","3":"status-publish","4":"has-post-thumbnail","6":"product_cat-masturbadores","8":"first","9":"instock","10":"shipping-taxable","11":"purchasable","12":"product-type-simple"},"_links":{"self":[{"href":"https:\/\/toquemonos.com\/index.php\/wp-json\/wp\/v2\/product\/4691","targetHints":{"allow":["GET"]}}],"collection":[{"href":"https:\/\/toquemonos.com\/index.php\/wp-json\/wp\/v2\/product"}],"about":[{"href":"https:\/\/toquemonos.com\/index.php\/wp-json\/wp\/v2\/types\/product"}],"replies":[{"embeddable":true,"href":"https:\/\/toquemonos.com\/index.php\/wp-json\/wp\/v2\/comments?post=4691"}],"wp:featuredmedia":[{"embeddable":true,"href":"https:\/\/toquemonos.com\/index.php\/wp-json\/wp\/v2\/media\/5205"}],"wp:attachment":[{"href":"https:\/\/toquemonos.com\/index.php\/wp-json\/wp\/v2\/media?parent=4691"}],"wp:term":[{"taxonomy":"product_brand","embeddable":true,"href":"https:\/\/toquemonos.com\/index.php\/wp-json\/wp\/v2\/product_brand?post=4691"},{"taxonomy":"product_cat","embeddable":true,"href":"https:\/\/toquemonos.com\/index.php\/wp-json\/wp\/v2\/product_cat?post=4691"},{"taxonomy":"product_tag","embeddable":true,"href":"https:\/\/toquemonos.com\/index.php\/wp-json\/wp\/v2\/product_tag?post=4691"}],"curies":[{"name":"wp","href":"https:\/\/api.w.org\/{rel}","templated":true}]}}