{"id":4689,"date":"2026-05-06T00:36:58","date_gmt":"2026-05-06T00:36:58","guid":{"rendered":"http:\/\/toquemonos.com\/index.php\/product\/anal-vibradores-anales\/"},"modified":"2026-05-06T00:36:58","modified_gmt":"2026-05-06T00:36:58","slug":"anal-vibradores-anales","status":"publish","type":"product","link":"https:\/\/toquemonos.com\/index.php\/product\/anal-vibradores-anales\/","title":{"rendered":"ANAL &#8211; Vibradores anales"},"content":{"rendered":"<p><strong>Precio sugerido: S\/ 120<\/strong><\/p>\n<p>ANAL<\/p>\n<ul>\n<li><strong>Funcionamiento:<\/strong> Plug anal con punta suave de silicona y funci\u00f3n de lengua que se mueve hacia adelante y atr\u00e1s para estimular la pr\u00f3stata de forma interna.<\/li>\n<li><strong>Funciones:<\/strong> 7 configuraciones de movimiento (wiggling) para personalizar la estimulaci\u00f3n y disfrutar de placer intenso.<\/li>\n<li><strong>Material:<\/strong> Silicona suave y segura para el cuerpo<\/li>\n<li><strong>Alimentaci\u00f3n:<\/strong> Recarga magn\u00e9tica por USB<\/li>\n<\/ul>\n","protected":false},"excerpt":{"rendered":"<p>Precio sugerido: S\/ 120 ANAL Funcionamiento: Plug anal con punta suave de silicona y funci\u00f3n de lengua que se mueve hacia adelante y atr\u00e1s para estimular la pr\u00f3stata de forma interna. Funciones: 7 configuraciones de movimiento (wiggling) para personalizar la estimulaci\u00f3n y disfrutar de placer intenso. Material: Silicona suave y segura para el cuerpo Alimentaci\u00f3n: [&hellip;]<\/p>\n","protected":false},"featured_media":5209,"comment_status":"open","ping_status":"closed","template":"","meta":[],"product_brand":[],"product_cat":[228,197],"product_tag":[],"class_list":{"0":"post-4689","1":"product","2":"type-product","3":"status-publish","4":"has-post-thumbnail","6":"product_cat-anales","7":"product_cat-vibradores-anales","9":"first","10":"instock","11":"shipping-taxable","12":"purchasable","13":"product-type-simple"},"_links":{"self":[{"href":"https:\/\/toquemonos.com\/index.php\/wp-json\/wp\/v2\/product\/4689","targetHints":{"allow":["GET"]}}],"collection":[{"href":"https:\/\/toquemonos.com\/index.php\/wp-json\/wp\/v2\/product"}],"about":[{"href":"https:\/\/toquemonos.com\/index.php\/wp-json\/wp\/v2\/types\/product"}],"replies":[{"embeddable":true,"href":"https:\/\/toquemonos.com\/index.php\/wp-json\/wp\/v2\/comments?post=4689"}],"wp:featuredmedia":[{"embeddable":true,"href":"https:\/\/toquemonos.com\/index.php\/wp-json\/wp\/v2\/media\/5209"}],"wp:attachment":[{"href":"https:\/\/toquemonos.com\/index.php\/wp-json\/wp\/v2\/media?parent=4689"}],"wp:term":[{"taxonomy":"product_brand","embeddable":true,"href":"https:\/\/toquemonos.com\/index.php\/wp-json\/wp\/v2\/product_brand?post=4689"},{"taxonomy":"product_cat","embeddable":true,"href":"https:\/\/toquemonos.com\/index.php\/wp-json\/wp\/v2\/product_cat?post=4689"},{"taxonomy":"product_tag","embeddable":true,"href":"https:\/\/toquemonos.com\/index.php\/wp-json\/wp\/v2\/product_tag?post=4689"}],"curies":[{"name":"wp","href":"https:\/\/api.w.org\/{rel}","templated":true}]}}