{"id":4688,"date":"2026-05-06T00:36:58","date_gmt":"2026-05-06T00:36:58","guid":{"rendered":"http:\/\/toquemonos.com\/index.php\/product\/olman-vibradores-anales\/"},"modified":"2026-05-06T00:36:58","modified_gmt":"2026-05-06T00:36:58","slug":"olman-vibradores-anales","status":"publish","type":"product","link":"https:\/\/toquemonos.com\/index.php\/product\/olman-vibradores-anales\/","title":{"rendered":"OLMAN &#8211; Vibradores anales"},"content":{"rendered":"<p><strong>Precio sugerido: S\/ 180<\/strong><\/p>\n<p>OLMAN<\/p>\n<ul>\n<li><strong>Funcionamiento:<\/strong> Plug anal vibrador con punta c\u00f3nica de inserci\u00f3n c\u00f3moda, eje delgado para uso prolongado y sistema de iluminaci\u00f3n LED con cambios de color.<\/li>\n<li><strong>Funciones:<\/strong> 10 funciones de vibraci\u00f3n, efectos de luz LED con diferentes patrones, estimulaci\u00f3n ajustable de suave a intensa, dise\u00f1o c\u00f3modo para uso prolongado.<\/li>\n<li><strong>Material:<\/strong> Silicona suave y segura para el cuerpo<\/li>\n<li><strong>Alimentaci\u00f3n:<\/strong> Recarga magn\u00e9tica por USB<\/li>\n<\/ul>\n","protected":false},"excerpt":{"rendered":"<p>Precio sugerido: S\/ 180 OLMAN Funcionamiento: Plug anal vibrador con punta c\u00f3nica de inserci\u00f3n c\u00f3moda, eje delgado para uso prolongado y sistema de iluminaci\u00f3n LED con cambios de color. Funciones: 10 funciones de vibraci\u00f3n, efectos de luz LED con diferentes patrones, estimulaci\u00f3n ajustable de suave a intensa, dise\u00f1o c\u00f3modo para uso prolongado. Material: Silicona suave [&hellip;]<\/p>\n","protected":false},"featured_media":5208,"comment_status":"open","ping_status":"closed","template":"","meta":[],"product_brand":[],"product_cat":[228,197],"product_tag":[],"class_list":{"0":"post-4688","1":"product","2":"type-product","3":"status-publish","4":"has-post-thumbnail","6":"product_cat-anales","7":"product_cat-vibradores-anales","9":"first","10":"instock","11":"shipping-taxable","12":"purchasable","13":"product-type-simple"},"_links":{"self":[{"href":"https:\/\/toquemonos.com\/index.php\/wp-json\/wp\/v2\/product\/4688","targetHints":{"allow":["GET"]}}],"collection":[{"href":"https:\/\/toquemonos.com\/index.php\/wp-json\/wp\/v2\/product"}],"about":[{"href":"https:\/\/toquemonos.com\/index.php\/wp-json\/wp\/v2\/types\/product"}],"replies":[{"embeddable":true,"href":"https:\/\/toquemonos.com\/index.php\/wp-json\/wp\/v2\/comments?post=4688"}],"wp:featuredmedia":[{"embeddable":true,"href":"https:\/\/toquemonos.com\/index.php\/wp-json\/wp\/v2\/media\/5208"}],"wp:attachment":[{"href":"https:\/\/toquemonos.com\/index.php\/wp-json\/wp\/v2\/media?parent=4688"}],"wp:term":[{"taxonomy":"product_brand","embeddable":true,"href":"https:\/\/toquemonos.com\/index.php\/wp-json\/wp\/v2\/product_brand?post=4688"},{"taxonomy":"product_cat","embeddable":true,"href":"https:\/\/toquemonos.com\/index.php\/wp-json\/wp\/v2\/product_cat?post=4688"},{"taxonomy":"product_tag","embeddable":true,"href":"https:\/\/toquemonos.com\/index.php\/wp-json\/wp\/v2\/product_tag?post=4688"}],"curies":[{"name":"wp","href":"https:\/\/api.w.org\/{rel}","templated":true}]}}