{"id":4684,"date":"2026-05-06T00:36:57","date_gmt":"2026-05-06T00:36:57","guid":{"rendered":"http:\/\/toquemonos.com\/index.php\/product\/sidney-anal-vibradores-anales\/"},"modified":"2026-05-06T00:36:57","modified_gmt":"2026-05-06T00:36:57","slug":"sidney-anal-vibradores-anales","status":"publish","type":"product","link":"https:\/\/toquemonos.com\/index.php\/product\/sidney-anal-vibradores-anales\/","title":{"rendered":"SIDNEY ANAL &#8211; Vibradores anales"},"content":{"rendered":"<p><strong>Precio sugerido: S\/ 180<\/strong><\/p>\n<p>SIDNEY ANAL<\/p>\n<ul>\n<li><strong>Funcionamiento:<\/strong> Vibrador anal con dise\u00f1o de cuentas alargadas y eje flexible que permite una inserci\u00f3n progresiva y c\u00f3moda, combinando la sensaci\u00f3n de cuentas con la estabilidad de un plug.<\/li>\n<li><strong>Funciones:<\/strong> 10 funciones de vibraci\u00f3n con diferentes patrones, estimulaci\u00f3n gradual hasta la base para mayor intensidad en zonas sensibles.<\/li>\n<li><strong>Material:<\/strong> Silicona suave y segura para el cuerpo<\/li>\n<li><strong>Alimentaci\u00f3n:<\/strong> Recargable por USB<\/li>\n<\/ul>\n","protected":false},"excerpt":{"rendered":"<p>Precio sugerido: S\/ 180 SIDNEY ANAL Funcionamiento: Vibrador anal con dise\u00f1o de cuentas alargadas y eje flexible que permite una inserci\u00f3n progresiva y c\u00f3moda, combinando la sensaci\u00f3n de cuentas con la estabilidad de un plug. Funciones: 10 funciones de vibraci\u00f3n con diferentes patrones, estimulaci\u00f3n gradual hasta la base para mayor intensidad en zonas sensibles. Material: [&hellip;]<\/p>\n","protected":false},"featured_media":5216,"comment_status":"open","ping_status":"closed","template":"","meta":[],"product_brand":[],"product_cat":[228,197],"product_tag":[],"class_list":{"0":"post-4684","1":"product","2":"type-product","3":"status-publish","4":"has-post-thumbnail","6":"product_cat-anales","7":"product_cat-vibradores-anales","9":"first","10":"instock","11":"shipping-taxable","12":"purchasable","13":"product-type-simple"},"_links":{"self":[{"href":"https:\/\/toquemonos.com\/index.php\/wp-json\/wp\/v2\/product\/4684","targetHints":{"allow":["GET"]}}],"collection":[{"href":"https:\/\/toquemonos.com\/index.php\/wp-json\/wp\/v2\/product"}],"about":[{"href":"https:\/\/toquemonos.com\/index.php\/wp-json\/wp\/v2\/types\/product"}],"replies":[{"embeddable":true,"href":"https:\/\/toquemonos.com\/index.php\/wp-json\/wp\/v2\/comments?post=4684"}],"wp:featuredmedia":[{"embeddable":true,"href":"https:\/\/toquemonos.com\/index.php\/wp-json\/wp\/v2\/media\/5216"}],"wp:attachment":[{"href":"https:\/\/toquemonos.com\/index.php\/wp-json\/wp\/v2\/media?parent=4684"}],"wp:term":[{"taxonomy":"product_brand","embeddable":true,"href":"https:\/\/toquemonos.com\/index.php\/wp-json\/wp\/v2\/product_brand?post=4684"},{"taxonomy":"product_cat","embeddable":true,"href":"https:\/\/toquemonos.com\/index.php\/wp-json\/wp\/v2\/product_cat?post=4684"},{"taxonomy":"product_tag","embeddable":true,"href":"https:\/\/toquemonos.com\/index.php\/wp-json\/wp\/v2\/product_tag?post=4684"}],"curies":[{"name":"wp","href":"https:\/\/api.w.org\/{rel}","templated":true}]}}