{"id":4683,"date":"2026-05-06T00:36:57","date_gmt":"2026-05-06T00:36:57","guid":{"rendered":"http:\/\/toquemonos.com\/index.php\/product\/warren-estimulador-de-prostata\/"},"modified":"2026-05-06T00:36:57","modified_gmt":"2026-05-06T00:36:57","slug":"warren-estimulador-de-prostata","status":"publish","type":"product","link":"https:\/\/toquemonos.com\/index.php\/product\/warren-estimulador-de-prostata\/","title":{"rendered":"Warren &#8211; Estimulador de pr\u00f3stata"},"content":{"rendered":"<p><strong>Precio sugerido: S\/ 220<\/strong><\/p>\n<p>Warren<\/p>\n<ul>\n<li><strong>Funcionamiento:<\/strong> Anillo doble para pene y test\u00edculos con plug anal vibrador integrado, controlado de forma inal\u00e1mbrica mediante control remoto.<\/li>\n<li><strong>Funciones:<\/strong> 12 funciones de vibraci\u00f3n, 12 funciones de golpeteo (thumping), estimulaci\u00f3n anal intensa con dise\u00f1o curvo especial, ayuda a mantener erecciones m\u00e1s firmes gracias al efecto de constricci\u00f3n.<\/li>\n<li><strong>Material:<\/strong> Silicona suave y segura para el cuerpo<\/li>\n<li><strong>Alimentaci\u00f3n:<\/strong> Recargable por USB + 1 bater\u00eda AAA (control remoto)<\/li>\n<\/ul>\n","protected":false},"excerpt":{"rendered":"<p>Precio sugerido: S\/ 220 Warren Funcionamiento: Anillo doble para pene y test\u00edculos con plug anal vibrador integrado, controlado de forma inal\u00e1mbrica mediante control remoto. Funciones: 12 funciones de vibraci\u00f3n, 12 funciones de golpeteo (thumping), estimulaci\u00f3n anal intensa con dise\u00f1o curvo especial, ayuda a mantener erecciones m\u00e1s firmes gracias al efecto de constricci\u00f3n. Material: Silicona suave [&hellip;]<\/p>\n","protected":false},"featured_media":5215,"comment_status":"open","ping_status":"closed","template":"","meta":[],"product_brand":[],"product_cat":[220],"product_tag":[],"class_list":{"0":"post-4683","1":"product","2":"type-product","3":"status-publish","4":"has-post-thumbnail","6":"product_cat-estimulador-de-prostata","8":"first","9":"instock","10":"shipping-taxable","11":"purchasable","12":"product-type-simple"},"_links":{"self":[{"href":"https:\/\/toquemonos.com\/index.php\/wp-json\/wp\/v2\/product\/4683","targetHints":{"allow":["GET"]}}],"collection":[{"href":"https:\/\/toquemonos.com\/index.php\/wp-json\/wp\/v2\/product"}],"about":[{"href":"https:\/\/toquemonos.com\/index.php\/wp-json\/wp\/v2\/types\/product"}],"replies":[{"embeddable":true,"href":"https:\/\/toquemonos.com\/index.php\/wp-json\/wp\/v2\/comments?post=4683"}],"wp:featuredmedia":[{"embeddable":true,"href":"https:\/\/toquemonos.com\/index.php\/wp-json\/wp\/v2\/media\/5215"}],"wp:attachment":[{"href":"https:\/\/toquemonos.com\/index.php\/wp-json\/wp\/v2\/media?parent=4683"}],"wp:term":[{"taxonomy":"product_brand","embeddable":true,"href":"https:\/\/toquemonos.com\/index.php\/wp-json\/wp\/v2\/product_brand?post=4683"},{"taxonomy":"product_cat","embeddable":true,"href":"https:\/\/toquemonos.com\/index.php\/wp-json\/wp\/v2\/product_cat?post=4683"},{"taxonomy":"product_tag","embeddable":true,"href":"https:\/\/toquemonos.com\/index.php\/wp-json\/wp\/v2\/product_tag?post=4683"}],"curies":[{"name":"wp","href":"https:\/\/api.w.org\/{rel}","templated":true}]}}