{"id":4678,"date":"2026-05-06T00:36:56","date_gmt":"2026-05-06T00:36:56","guid":{"rendered":"http:\/\/toquemonos.com\/index.php\/product\/butt-plug-vibrating-rechargable-vibradores-anales\/"},"modified":"2026-05-06T00:36:56","modified_gmt":"2026-05-06T00:36:56","slug":"butt-plug-vibrating-rechargable-vibradores-anales","status":"publish","type":"product","link":"https:\/\/toquemonos.com\/index.php\/product\/butt-plug-vibrating-rechargable-vibradores-anales\/","title":{"rendered":"BUTT PLUG VIBRATING RECHARGABLE &#8211; Vibradores anales"},"content":{"rendered":"<p><strong>Precio sugerido: S\/ 270<\/strong><\/p>\n<p>BUTT PLUG VIBRATING RECHARGABLE<\/p>\n<ul>\n<li><strong>Funcionamiento:<\/strong> Plug anal vibrador con eje suave y dise\u00f1o ergon\u00f3mico, controlado de forma inal\u00e1mbrica mediante control remoto.<\/li>\n<li><strong>Funciones:<\/strong> 12 funciones de vibraci\u00f3n, control remoto inal\u00e1mbrico, vibraciones potentes y patrones variados para estimulaci\u00f3n intensa y precisa.<\/li>\n<li><strong>Material:<\/strong> Silicona suave y segura para el cuerpo<\/li>\n<li><strong>Alimentaci\u00f3n:<\/strong> Recargable por USB<\/li>\n<\/ul>\n","protected":false},"excerpt":{"rendered":"<p>Precio sugerido: S\/ 270 BUTT PLUG VIBRATING RECHARGABLE Funcionamiento: Plug anal vibrador con eje suave y dise\u00f1o ergon\u00f3mico, controlado de forma inal\u00e1mbrica mediante control remoto. Funciones: 12 funciones de vibraci\u00f3n, control remoto inal\u00e1mbrico, vibraciones potentes y patrones variados para estimulaci\u00f3n intensa y precisa. Material: Silicona suave y segura para el cuerpo Alimentaci\u00f3n: Recargable por USB<\/p>\n","protected":false},"featured_media":5222,"comment_status":"open","ping_status":"closed","template":"","meta":[],"product_brand":[],"product_cat":[228,197],"product_tag":[],"class_list":{"0":"post-4678","1":"product","2":"type-product","3":"status-publish","4":"has-post-thumbnail","6":"product_cat-anales","7":"product_cat-vibradores-anales","9":"first","10":"instock","11":"shipping-taxable","12":"purchasable","13":"product-type-simple"},"_links":{"self":[{"href":"https:\/\/toquemonos.com\/index.php\/wp-json\/wp\/v2\/product\/4678","targetHints":{"allow":["GET"]}}],"collection":[{"href":"https:\/\/toquemonos.com\/index.php\/wp-json\/wp\/v2\/product"}],"about":[{"href":"https:\/\/toquemonos.com\/index.php\/wp-json\/wp\/v2\/types\/product"}],"replies":[{"embeddable":true,"href":"https:\/\/toquemonos.com\/index.php\/wp-json\/wp\/v2\/comments?post=4678"}],"wp:featuredmedia":[{"embeddable":true,"href":"https:\/\/toquemonos.com\/index.php\/wp-json\/wp\/v2\/media\/5222"}],"wp:attachment":[{"href":"https:\/\/toquemonos.com\/index.php\/wp-json\/wp\/v2\/media?parent=4678"}],"wp:term":[{"taxonomy":"product_brand","embeddable":true,"href":"https:\/\/toquemonos.com\/index.php\/wp-json\/wp\/v2\/product_brand?post=4678"},{"taxonomy":"product_cat","embeddable":true,"href":"https:\/\/toquemonos.com\/index.php\/wp-json\/wp\/v2\/product_cat?post=4678"},{"taxonomy":"product_tag","embeddable":true,"href":"https:\/\/toquemonos.com\/index.php\/wp-json\/wp\/v2\/product_tag?post=4678"}],"curies":[{"name":"wp","href":"https:\/\/api.w.org\/{rel}","templated":true}]}}