{"id":4675,"date":"2026-05-06T00:36:56","date_gmt":"2026-05-06T00:36:56","guid":{"rendered":"http:\/\/toquemonos.com\/index.php\/product\/special-anal-stimulation-vibradores-anales-2\/"},"modified":"2026-05-06T00:36:56","modified_gmt":"2026-05-06T00:36:56","slug":"special-anal-stimulation-vibradores-anales-2","status":"publish","type":"product","link":"https:\/\/toquemonos.com\/index.php\/product\/special-anal-stimulation-vibradores-anales-2\/","title":{"rendered":"SPECIAL ANAL STIMULATION &#8211; Vibradores anales"},"content":{"rendered":"<p><strong>Precio sugerido: S\/ 60<\/strong><\/p>\n<p>SPECIAL ANAL STIMULATION<\/p>\n<ul>\n<li><strong>Funcionamiento:<\/strong> Plug anal con eje graduado y dise\u00f1o de cuentas para una inserci\u00f3n progresiva y c\u00f3moda.<\/li>\n<li><strong>Funciones:<\/strong> Estimulaci\u00f3n anal gradual gracias a su forma segmentada, ideal para quienes desean iniciarse o intensificar la experiencia de forma controlada.<\/li>\n<li><strong>Material:<\/strong> Silicona suave y segura para el cuerpo<\/li>\n<li><strong>Resistente al agua:<\/strong> S\u00ed (Waterproof)<\/li>\n<\/ul>\n","protected":false},"excerpt":{"rendered":"<p>Precio sugerido: S\/ 60 SPECIAL ANAL STIMULATION Funcionamiento: Plug anal con eje graduado y dise\u00f1o de cuentas para una inserci\u00f3n progresiva y c\u00f3moda. Funciones: Estimulaci\u00f3n anal gradual gracias a su forma segmentada, ideal para quienes desean iniciarse o intensificar la experiencia de forma controlada. Material: Silicona suave y segura para el cuerpo Resistente al agua: [&hellip;]<\/p>\n","protected":false},"featured_media":5219,"comment_status":"open","ping_status":"closed","template":"","meta":[],"product_brand":[],"product_cat":[228,197],"product_tag":[],"class_list":{"0":"post-4675","1":"product","2":"type-product","3":"status-publish","4":"has-post-thumbnail","6":"product_cat-anales","7":"product_cat-vibradores-anales","9":"first","10":"instock","11":"shipping-taxable","12":"purchasable","13":"product-type-simple"},"_links":{"self":[{"href":"https:\/\/toquemonos.com\/index.php\/wp-json\/wp\/v2\/product\/4675","targetHints":{"allow":["GET"]}}],"collection":[{"href":"https:\/\/toquemonos.com\/index.php\/wp-json\/wp\/v2\/product"}],"about":[{"href":"https:\/\/toquemonos.com\/index.php\/wp-json\/wp\/v2\/types\/product"}],"replies":[{"embeddable":true,"href":"https:\/\/toquemonos.com\/index.php\/wp-json\/wp\/v2\/comments?post=4675"}],"wp:featuredmedia":[{"embeddable":true,"href":"https:\/\/toquemonos.com\/index.php\/wp-json\/wp\/v2\/media\/5219"}],"wp:attachment":[{"href":"https:\/\/toquemonos.com\/index.php\/wp-json\/wp\/v2\/media?parent=4675"}],"wp:term":[{"taxonomy":"product_brand","embeddable":true,"href":"https:\/\/toquemonos.com\/index.php\/wp-json\/wp\/v2\/product_brand?post=4675"},{"taxonomy":"product_cat","embeddable":true,"href":"https:\/\/toquemonos.com\/index.php\/wp-json\/wp\/v2\/product_cat?post=4675"},{"taxonomy":"product_tag","embeddable":true,"href":"https:\/\/toquemonos.com\/index.php\/wp-json\/wp\/v2\/product_tag?post=4675"}],"curies":[{"name":"wp","href":"https:\/\/api.w.org\/{rel}","templated":true}]}}