{"id":4672,"date":"2026-05-06T00:36:56","date_gmt":"2026-05-06T00:36:56","guid":{"rendered":"http:\/\/toquemonos.com\/index.php\/product\/special-anal-stimulation-plug-anales-2\/"},"modified":"2026-05-06T00:36:56","modified_gmt":"2026-05-06T00:36:56","slug":"special-anal-stimulation-plug-anales-2","status":"publish","type":"product","link":"https:\/\/toquemonos.com\/index.php\/product\/special-anal-stimulation-plug-anales-2\/","title":{"rendered":"SPECIAL ANAL STIMULATION &#8211; Plug anales"},"content":{"rendered":"<p><strong>Precio sugerido: S\/ 100<\/strong><\/p>\n<p>SPECIAL ANAL STIMULATION<\/p>\n<ul>\n<li><strong>Funcionamiento:<\/strong> Plug anal vibrador con punta c\u00f3nica y cuerpo delgado para inserci\u00f3n c\u00f3moda, dise\u00f1ado para mantenerse estable durante el uso.<\/li>\n<li><strong>Funciones:<\/strong> 12 funciones de vibraci\u00f3n, adecuado para principiantes y usuarios con experiencia, estimulaci\u00f3n progresiva y precisa en un formato compacto.<\/li>\n<li><strong>Material:<\/strong> Silicona ultra suave y segura para el cuerpo<\/li>\n<li><strong>Alimentaci\u00f3n:<\/strong> 2 bater\u00edas AAA<\/li>\n<li><strong>Resistente al agua:<\/strong> S\u00ed (Waterproof)<\/li>\n<\/ul>\n","protected":false},"excerpt":{"rendered":"<p>Precio sugerido: S\/ 100 SPECIAL ANAL STIMULATION Funcionamiento: Plug anal vibrador con punta c\u00f3nica y cuerpo delgado para inserci\u00f3n c\u00f3moda, dise\u00f1ado para mantenerse estable durante el uso. Funciones: 12 funciones de vibraci\u00f3n, adecuado para principiantes y usuarios con experiencia, estimulaci\u00f3n progresiva y precisa en un formato compacto. Material: Silicona ultra suave y segura para el [&hellip;]<\/p>\n","protected":false},"featured_media":5224,"comment_status":"open","ping_status":"closed","template":"","meta":[],"product_brand":[],"product_cat":[228,195],"product_tag":[],"class_list":{"0":"post-4672","1":"product","2":"type-product","3":"status-publish","4":"has-post-thumbnail","6":"product_cat-anales","7":"product_cat-plug-anales","9":"first","10":"instock","11":"shipping-taxable","12":"purchasable","13":"product-type-simple"},"_links":{"self":[{"href":"https:\/\/toquemonos.com\/index.php\/wp-json\/wp\/v2\/product\/4672","targetHints":{"allow":["GET"]}}],"collection":[{"href":"https:\/\/toquemonos.com\/index.php\/wp-json\/wp\/v2\/product"}],"about":[{"href":"https:\/\/toquemonos.com\/index.php\/wp-json\/wp\/v2\/types\/product"}],"replies":[{"embeddable":true,"href":"https:\/\/toquemonos.com\/index.php\/wp-json\/wp\/v2\/comments?post=4672"}],"wp:featuredmedia":[{"embeddable":true,"href":"https:\/\/toquemonos.com\/index.php\/wp-json\/wp\/v2\/media\/5224"}],"wp:attachment":[{"href":"https:\/\/toquemonos.com\/index.php\/wp-json\/wp\/v2\/media?parent=4672"}],"wp:term":[{"taxonomy":"product_brand","embeddable":true,"href":"https:\/\/toquemonos.com\/index.php\/wp-json\/wp\/v2\/product_brand?post=4672"},{"taxonomy":"product_cat","embeddable":true,"href":"https:\/\/toquemonos.com\/index.php\/wp-json\/wp\/v2\/product_cat?post=4672"},{"taxonomy":"product_tag","embeddable":true,"href":"https:\/\/toquemonos.com\/index.php\/wp-json\/wp\/v2\/product_tag?post=4672"}],"curies":[{"name":"wp","href":"https:\/\/api.w.org\/{rel}","templated":true}]}}